{"id":11024,"date":"2019-04-18T18:19:15","date_gmt":"2019-04-18T16:19:15","guid":{"rendered":"https:\/\/www.elsamec.it\/faq-2"},"modified":"2024-08-08T15:24:31","modified_gmt":"2024-08-08T13:24:31","slug":"faq-2","status":"publish","type":"page","link":"https:\/\/www.elsamec.it\/fr\/faq-2","title":{"rendered":"faq"},"content":{"rendered":"[vc_row type=\u00a0\u00bbfull_width_background\u00a0\u00bb full_screen_row_position=\u00a0\u00bbmiddle\u00a0\u00bb column_margin=\u00a0\u00bbdefault\u00a0\u00bb column_direction=\u00a0\u00bbdefault\u00a0\u00bb column_direction_tablet=\u00a0\u00bbdefault\u00a0\u00bb column_direction_phone=\u00a0\u00bbdefault\u00a0\u00bb scene_position=\u00a0\u00bbcenter\u00a0\u00bb top_padding=\u00a0\u00bb120&Prime; bottom_padding=\u00a0\u00bb120&Prime; text_color=\u00a0\u00bbdark\u00a0\u00bb text_align=\u00a0\u00bbleft\u00a0\u00bb row_border_radius=\u00a0\u00bbnone\u00a0\u00bb row_border_radius_applies=\u00a0\u00bbbg\u00a0\u00bb class=\u00a0\u00bbtesta-pag\u00a0\u00bb overlay_strength=\u00a0\u00bb0.3&Prime; gradient_direction=\u00a0\u00bbleft_to_right\u00a0\u00bb enable_shape_divider=\u00a0\u00bbtrue\u00a0\u00bb shape_divider_color=\u00a0\u00bb#ffd644&Prime; shape_divider_position=\u00a0\u00bbboth\u00a0\u00bb shape_divider_height=\u00a0\u00bb120&Prime; bg_image_animation=\u00a0\u00bbnone\u00a0\u00bb shape_type=\u00a0\u00bbwaves\u00a0\u00bb][vc_column column_padding=\u00a0\u00bbno-extra-padding\u00a0\u00bb column_padding_tablet=\u00a0\u00bbinherit\u00a0\u00bb column_padding_phone=\u00a0\u00bbinherit\u00a0\u00bb column_padding_position=\u00a0\u00bball\u00a0\u00bb background_color_opacity=\u00a0\u00bb1&Prime; background_hover_color_opacity=\u00a0\u00bb1&Prime; column_shadow=\u00a0\u00bbnone\u00a0\u00bb column_border_radius=\u00a0\u00bbnone\u00a0\u00bb column_link_target=\u00a0\u00bb_self\u00a0\u00bb gradient_direction=\u00a0\u00bbleft_to_right\u00a0\u00bb overlay_strength=\u00a0\u00bb0.3&Prime; width=\u00a0\u00bb1\/1&Prime; tablet_width_inherit=\u00a0\u00bbdefault\u00a0\u00bb tablet_text_alignment=\u00a0\u00bbdefault\u00a0\u00bb phone_text_alignment=\u00a0\u00bbdefault\u00a0\u00bb column_border_width=\u00a0\u00bbnone\u00a0\u00bb column_border_style=\u00a0\u00bbsolid\u00a0\u00bb bg_image_animation=\u00a0\u00bbnone\u00a0\u00bb][toggles style=\u00a0\u00bbminimal\u00a0\u00bb][toggle color=\u00a0\u00bbDefault\u00a0\u00bb title=\u00a0\u00bbLes moteurs Elsamec sont-ils fabriqu\u00e9s en Italie ?\u00a0\u00bb][vc_column_text]Oui, les moteurs Elsamec sont con\u00e7us, construits et assembl\u00e9s enti\u00e8rement et \u00e0 100% en Italie dans l&rsquo;usine de Fermo.[\/vc_column_text][\/toggle][toggle color=\u00a0\u00bbDefault\u00a0\u00bb title=\u00a0\u00bbO\u00f9 puis-je acheter vos produits ?\u00a0\u00bb][vc_column_text]<span style=\"color: #000000;\">Vous pouvez demander un devis via le <a href=\"https:\/\/www.elsamec.it\/form\"><strong>formulaire<\/strong><\/a> ou nous contacter par t\u00e9l\u00e9phone au <a href=\"tel%200734%\"><strong>+39 0734 228835<\/strong><\/a><\/span>[\/vc_column_text][\/toggle][toggle color=\u00a0\u00bbDefault\u00a0\u00bb title=\u00a0\u00bbVos produits sont-ils certifi\u00e9s ?\u00a0\u00bb][vc_column_text]<img data-opt-id=1040743048  fetchpriority=\"high\" decoding=\"async\" class=\"wp-image-2849 alignleft\" src=\"https:\/\/mltze27vqxba.i.optimole.com\/cb:FM84~ded9\/w:300\/h:119\/q:mauto\/g:sm\/f:best\/http:\/\/www.elsamec.it\/wp-content\/uploads\/2019\/03\/cert.jpg\" alt=\"\" width=\"116\" height=\"46\" srcset=\"https:\/\/mltze27vqxba.i.optimole.com\/cb:FM84~ded9\/w:300\/h:119\/q:mauto\/g:sm\/f:best\/https:\/\/www.elsamec.it\/wp-content\/uploads\/2019\/03\/cert.jpg 300w, https:\/\/mltze27vqxba.i.optimole.com\/cb:FM84~ded9\/w:541\/h:214\/q:mauto\/g:sm\/f:best\/https:\/\/www.elsamec.it\/wp-content\/uploads\/2019\/03\/cert.jpg 541w, https:\/\/mltze27vqxba.i.optimole.com\/cb:FM84~ded9\/w:541\/h:214\/q:mauto\/g:sm\/f:best\/dpr:2\/https:\/\/www.elsamec.it\/wp-content\/uploads\/2019\/03\/cert.jpg 2x\" sizes=\"(max-width: 116px) 100vw, 116px\" \/>Bien entendu, tous nos moteurs et accessoires sont conformes aux exigences l\u00e9gales des directives de l&rsquo;UE. En outre, les syst\u00e8mes antichute de la s\u00e9rie PRB sont approuv\u00e9s par le TUV SUD. En g\u00e9n\u00e9ral, tous les moteurs de la cha\u00eene d&rsquo;approvisionnement subissent un contr\u00f4le de qualit\u00e9 et des tests de s\u00e9curit\u00e9 stricts dans notre usine avant de recevoir le feu vert pour la mise sur le march\u00e9.[\/vc_column_text][\/toggle][toggle color=\u00a0\u00bbDefault\u00a0\u00bb title=\u00a0\u00bbQu&apos;est-ce qu&apos;un &quot;moteur ouvert&quot; ?\u00a0\u00bb][vc_column_text]Le premier \u00ab\u00a0moteur ouvert\u00a0\u00bb r\u00e9volutionnaire d&rsquo;Elsamec est n\u00e9 en 1972. Il s&rsquo;agit d&rsquo;un moteur d\u00e9montable en deux parties, facile \u00e0 installer m\u00eame sur des volets d\u00e9j\u00e0 install\u00e9s, sans aucun d\u00e9montage ni modification. En l&rsquo;absence d&rsquo;\u00e9lectricit\u00e9, le fonctionnement manuel est particuli\u00e8rement ais\u00e9, gr\u00e2ce \u00e0 la parfaite r\u00e9versibilit\u00e9.<br \/>\n[\/vc_column_text][\/toggle][toggle color=\u00a0\u00bbDefault\u00a0\u00bb title=\u00a0\u00bbPour quelles applications recommandez-vous un moteur central ?\u00a0\u00bb][vc_column_text]Nous disposons de trois types de moteurs \u00e0 noyau : la s\u00e9rie Uniko, la s\u00e9rie ES et la s\u00e9rie Gulliver. Ces s\u00e9ries diff\u00e8rent en fonction de l&rsquo;axe et de la port\u00e9e du clapet \u00e0 soulever et sont compos\u00e9es de motor\u00e9ducteurs qui b\u00e9n\u00e9ficient des avantages du \u00ab\u00a0moteur ouvert\u00a0\u00bb.[\/vc_column_text][\/toggle][toggle color=\u00a0\u00bbDefault\u00a0\u00bb title=\u00a0\u00bbPour quelles applications recommandez-vous un moteur lat\u00e9ral ?\u00a0\u00bb][vc_column_text]Les Taurus sont des motor\u00e9ducteurs lat\u00e9raux pour amortisseurs sans ressorts de compensation, destin\u00e9s \u00e0 un usage civil et industriel. La disposition externe et parall\u00e8le par rapport au tube du registre permet de r\u00e9duire consid\u00e9rablement l&rsquo;espace lat\u00e9ral, ce qui permet une installation facile et rapide et facilite les travaux d&rsquo;entretien apr\u00e8s l&rsquo;installation. Les Taurus sont capables de soulever des amortisseurs de grande surface d&rsquo;un poids total allant jusqu&rsquo;\u00e0 1 000 kg, avec une grande souplesse d&rsquo;utilisation : les capacit\u00e9s de charge varient en fonction du choix du rapport de d\u00e9multiplication du drapeau.[\/vc_column_text][\/toggle][toggle color=\u00a0\u00bbDefault\u00a0\u00bb title=\u00a0\u00bbPour quelles applications recommandez-vous un moteur tubulaire ?\u00a0\u00bb][vc_column_text]Selon le mod\u00e8le, nos moteurs tubulaires de la s\u00e9rie Fox peuvent \u00eatre utilis\u00e9s pour tous les types de volets roulants et de stores, jusqu&rsquo;aux volets roulants de taille moyenne.[\/vc_column_text][\/toggle][toggle color=\u00a0\u00bbDefault\u00a0\u00bb title=\u00a0\u00bbQuels moteurs recommandez-vous pour un usage intensif ?\u00a0\u00bb][vc_column_text]Taurus 7T ; Taurus 7M, Mini Taurus 5.4T, Mini Taurus 5.4M[\/vc_column_text][\/toggle][toggle color=\u00a0\u00bbDefault\u00a0\u00bb title=\u00a0\u00bbAvez-vous une question ?  \u00ab\u00a0][vc_column_text]\u00c9crivez \u00e0 info@elsamec.it[\/vc_column_text][\/toggle][\/toggles][\/vc_column][\/vc_row][vc_row type=\u00a0\u00bbin_container\u00a0\u00bb full_screen_row_position=\u00a0\u00bbmiddle\u00a0\u00bb column_margin=\u00a0\u00bbdefault\u00a0\u00bb column_direction=\u00a0\u00bbdefault\u00a0\u00bb column_direction_tablet=\u00a0\u00bbdefault\u00a0\u00bb column_direction_phone=\u00a0\u00bbdefault\u00a0\u00bb scene_position=\u00a0\u00bbcenter\u00a0\u00bb text_color=\u00a0\u00bbdark\u00a0\u00bb text_align=\u00a0\u00bbleft\u00a0\u00bb row_border_radius=\u00a0\u00bbnone\u00a0\u00bb row_border_radius_applies=\u00a0\u00bbbg\u00a0\u00bb disable_element=\u00a0\u00bbyes\u00a0\u00bb overlay_strength=\u00a0\u00bb0.3&Prime; gradient_direction=\u00a0\u00bbleft_to_right\u00a0\u00bb shape_divider_position=\u00a0\u00bbbottom\u00a0\u00bb bg_image_animation=\u00a0\u00bbnone\u00a0\u00bb shape_type=\u00a0\u00bb\u00a0\u00bb][vc_column column_padding=\u00a0\u00bbno-extra-padding\u00a0\u00bb column_padding_tablet=\u00a0\u00bbinherit\u00a0\u00bb column_padding_phone=\u00a0\u00bbinherit\u00a0\u00bb column_padding_position=\u00a0\u00bball\u00a0\u00bb background_color_opacity=\u00a0\u00bb1&Prime; background_hover_color_opacity=\u00a0\u00bb1&Prime; column_shadow=\u00a0\u00bbnone\u00a0\u00bb column_border_radius=\u00a0\u00bbnone\u00a0\u00bb column_link_target=\u00a0\u00bb_self\u00a0\u00bb gradient_direction=\u00a0\u00bbleft_to_right\u00a0\u00bb overlay_strength=\u00a0\u00bb0.3&Prime; width=\u00a0\u00bb1\/1&Prime; tablet_width_inherit=\u00a0\u00bbdefault\u00a0\u00bb tablet_text_alignment=\u00a0\u00bbdefault\u00a0\u00bb phone_text_alignment=\u00a0\u00bbdefault\u00a0\u00bb column_border_width=\u00a0\u00bbnone\u00a0\u00bb column_border_style=\u00a0\u00bbsolid\u00a0\u00bb bg_image_animation=\u00a0\u00bbnone\u00a0\u00bb]\n<div class=\"wpcf7 no-js\" id=\"wpcf7-f2933-o1\" lang=\"it-IT\" dir=\"ltr\" data-wpcf7-id=\"2933\">\n<div class=\"screen-reader-response\"><p role=\"status\" aria-live=\"polite\" aria-atomic=\"true\"><\/p> <ul><\/ul><\/div>\n<form action=\"\/fr\/wp-json\/wp\/v2\/pages\/11024#wpcf7-f2933-o1\" method=\"post\" class=\"wpcf7-form init\" aria-label=\"Modulo di contatto\" novalidate=\"novalidate\" data-status=\"init\">\n<fieldset class=\"hidden-fields-container\"><input type=\"hidden\" name=\"_wpcf7\" value=\"2933\" \/><input type=\"hidden\" name=\"_wpcf7_version\" value=\"6.1.5\" \/><input type=\"hidden\" name=\"_wpcf7_locale\" value=\"it_IT\" \/><input type=\"hidden\" name=\"_wpcf7_unit_tag\" value=\"wpcf7-f2933-o1\" \/><input type=\"hidden\" name=\"_wpcf7_container_post\" value=\"0\" \/><input type=\"hidden\" name=\"_wpcf7_posted_data_hash\" value=\"\" \/>\n<\/fieldset>\n<p><label> Il tuo nome (richiesto)<br \/>\n<span class=\"wpcf7-form-control-wrap\" data-name=\"your-name\"><input size=\"40\" maxlength=\"400\" class=\"wpcf7-form-control wpcf7-text wpcf7-validates-as-required\" aria-required=\"true\" aria-invalid=\"false\" value=\"\" type=\"text\" name=\"your-name\" \/><\/span> <\/label>\n<\/p>\n<p><label> La tua email (richiesto)<br \/>\n<span class=\"wpcf7-form-control-wrap\" data-name=\"your-email\"><input size=\"40\" maxlength=\"400\" class=\"wpcf7-form-control wpcf7-email wpcf7-validates-as-required wpcf7-text wpcf7-validates-as-email\" aria-required=\"true\" aria-invalid=\"false\" value=\"\" type=\"email\" name=\"your-email\" \/><\/span> <\/label>\n<\/p>\n<p><label> Oggetto<br \/>\n<span class=\"wpcf7-form-control-wrap\" data-name=\"your-subject\"><input size=\"40\" maxlength=\"400\" class=\"wpcf7-form-control wpcf7-text\" aria-invalid=\"false\" value=\"\" type=\"text\" name=\"your-subject\" \/><\/span> <\/label>\n<\/p>\n<p><label> Il tuo messaggio<br \/>\n<span class=\"wpcf7-form-control-wrap\" data-name=\"your-message\"><textarea cols=\"40\" rows=\"10\" maxlength=\"2000\" class=\"wpcf7-form-control wpcf7-textarea\" aria-invalid=\"false\" name=\"your-message\"><\/textarea><\/span> <\/label>\n<\/p>\n<p><input class=\"wpcf7-form-control wpcf7-submit has-spinner\" type=\"submit\" value=\"Invia\" \/>\n<\/p><div class=\"wpcf7-response-output\" aria-hidden=\"true\"><\/div>\n<\/form>\n<\/div>\n[\/vc_column][\/vc_row]\n","protected":false},"excerpt":{"rendered":"<p>[vc_row type=\u00a0\u00bbfull_width_background\u00a0\u00bb full_screen_row_position=\u00a0\u00bbmiddle\u00a0\u00bb column_margin=\u00a0\u00bbdefault\u00a0\u00bb column_direction=\u00a0\u00bbdefault\u00a0\u00bb column_direction_tablet=\u00a0\u00bbdefault\u00a0\u00bb column_direction_phone=\u00a0\u00bbdefault\u00a0\u00bb scene_position=\u00a0\u00bbcenter\u00a0\u00bb top_padding=\u00a0\u00bb120&Prime; bottom_padding=\u00a0\u00bb120&Prime; text_color=\u00a0\u00bbdark\u00a0\u00bb text_align=\u00a0\u00bbleft\u00a0\u00bb row_border_radius=\u00a0\u00bbnone\u00a0\u00bb row_border_radius_applies=\u00a0\u00bbbg\u00a0\u00bb class=\u00a0\u00bbtesta-pag\u00a0\u00bb overlay_strength=\u00a0\u00bb0.3&Prime; gradient_direction=\u00a0\u00bbleft_to_right\u00a0\u00bb enable_shape_divider=\u00a0\u00bbtrue\u00a0\u00bb shape_divider_color=\u00a0\u00bb#ffd644&Prime; shape_divider_position=\u00a0\u00bbboth\u00a0\u00bb shape_divider_height=\u00a0\u00bb120&Prime; bg_image_animation=\u00a0\u00bbnone\u00a0\u00bb shape_type=\u00a0\u00bbwaves\u00a0\u00bb][vc_column column_padding=\u00a0\u00bbno-extra-padding\u00a0\u00bb column_padding_tablet=\u00a0\u00bbinherit\u00a0\u00bb column_padding_phone=\u00a0\u00bbinherit\u00a0\u00bb column_padding_position=\u00a0\u00bball\u00a0\u00bb background_color_opacity=\u00a0\u00bb1&Prime; background_hover_color_opacity=\u00a0\u00bb1&Prime; column_shadow=\u00a0\u00bbnone\u00a0\u00bb&#8230;<\/p>\n","protected":false},"author":1,"featured_media":0,"parent":0,"menu_order":76,"comment_status":"closed","ping_status":"closed","template":"","meta":{"footnotes":""},"class_list":["post-11024","page","type-page","status-publish"],"yoast_head":"<!-- This site is optimized with the Yoast SEO plugin v27.4 - https:\/\/yoast.com\/product\/yoast-seo-wordpress\/ -->\n<title>faq - Elsamec<\/title>\n<meta name=\"robots\" content=\"index, follow, max-snippet:-1, max-image-preview:large, max-video-preview:-1\" \/>\n<link rel=\"canonical\" href=\"https:\/\/www.elsamec.it\/fr\/faq-2\" \/>\n<meta property=\"og:locale\" content=\"fr_FR\" \/>\n<meta property=\"og:type\" content=\"article\" \/>\n<meta property=\"og:title\" content=\"faq - Elsamec\" \/>\n<meta property=\"og:description\" content=\"[vc_row type=\u00a0\u00bbfull_width_background\u00a0\u00bb full_screen_row_position=\u00a0\u00bbmiddle\u00a0\u00bb column_margin=\u00a0\u00bbdefault\u00a0\u00bb column_direction=\u00a0\u00bbdefault\u00a0\u00bb column_direction_tablet=\u00a0\u00bbdefault\u00a0\u00bb column_direction_phone=\u00a0\u00bbdefault\u00a0\u00bb scene_position=\u00a0\u00bbcenter\u00a0\u00bb top_padding=\u00a0\u00bb120&Prime; bottom_padding=\u00a0\u00bb120&Prime; text_color=\u00a0\u00bbdark\u00a0\u00bb text_align=\u00a0\u00bbleft\u00a0\u00bb row_border_radius=\u00a0\u00bbnone\u00a0\u00bb row_border_radius_applies=\u00a0\u00bbbg\u00a0\u00bb class=\u00a0\u00bbtesta-pag\u00a0\u00bb overlay_strength=\u00a0\u00bb0.3&Prime; gradient_direction=\u00a0\u00bbleft_to_right\u00a0\u00bb enable_shape_divider=\u00a0\u00bbtrue\u00a0\u00bb shape_divider_color=\u00a0\u00bb#ffd644&Prime; shape_divider_position=\u00a0\u00bbboth\u00a0\u00bb shape_divider_height=\u00a0\u00bb120&Prime; bg_image_animation=\u00a0\u00bbnone\u00a0\u00bb shape_type=\u00a0\u00bbwaves\u00a0\u00bb][vc_column column_padding=\u00a0\u00bbno-extra-padding\u00a0\u00bb column_padding_tablet=\u00a0\u00bbinherit\u00a0\u00bb column_padding_phone=\u00a0\u00bbinherit\u00a0\u00bb column_padding_position=\u00a0\u00bball\u00a0\u00bb background_color_opacity=\u00a0\u00bb1&Prime; background_hover_color_opacity=\u00a0\u00bb1&Prime; column_shadow=\u00a0\u00bbnone\u00a0\u00bb...\" \/>\n<meta property=\"og:url\" content=\"https:\/\/www.elsamec.it\/fr\/faq-2\" \/>\n<meta property=\"og:site_name\" content=\"Elsamec\" \/>\n<meta property=\"article:publisher\" content=\"https:\/\/www.facebook.com\/ElsamecMotors\" \/>\n<meta property=\"article:modified_time\" content=\"2024-08-08T13:24:31+00:00\" \/>\n<meta property=\"og:image\" content=\"https:\/\/mltze27vqxba.i.optimole.com\/cb:FM84~ded9\/w:300\/h:119\/q:mauto\/g:sm\/f:best\/http:\/\/www.elsamec.it\/wp-content\/uploads\/2019\/03\/cert.jpg\" \/>\n<meta name=\"twitter:card\" content=\"summary_large_image\" \/>\n<meta name=\"twitter:label1\" content=\"Dur\u00e9e de lecture estim\u00e9e\" \/>\n\t<meta name=\"twitter:data1\" content=\"4 minutes\" \/>\n<script type=\"application\/ld+json\" class=\"yoast-schema-graph\">{\"@context\":\"https:\\\/\\\/schema.org\",\"@graph\":[{\"@type\":\"WebPage\",\"@id\":\"https:\\\/\\\/www.elsamec.it\\\/fr\\\/faq-2\",\"url\":\"https:\\\/\\\/www.elsamec.it\\\/fr\\\/faq-2\",\"name\":\"faq - Elsamec\",\"isPartOf\":{\"@id\":\"https:\\\/\\\/www.elsamec.it\\\/fr#website\"},\"primaryImageOfPage\":{\"@id\":\"https:\\\/\\\/www.elsamec.it\\\/fr\\\/faq-2#primaryimage\"},\"image\":{\"@id\":\"https:\\\/\\\/www.elsamec.it\\\/fr\\\/faq-2#primaryimage\"},\"thumbnailUrl\":\"http:\\/\\/www.elsamec.it\\/wp-content\\/uploads\\/2019\\/03\\/cert-300x119.jpg\",\"datePublished\":\"2019-04-18T16:19:15+00:00\",\"dateModified\":\"2024-08-08T13:24:31+00:00\",\"breadcrumb\":{\"@id\":\"https:\\\/\\\/www.elsamec.it\\\/fr\\\/faq-2#breadcrumb\"},\"inLanguage\":\"fr-FR\",\"potentialAction\":[{\"@type\":\"ReadAction\",\"target\":[\"https:\\\/\\\/www.elsamec.it\\\/fr\\\/faq-2\"]}]},{\"@type\":\"ImageObject\",\"inLanguage\":\"fr-FR\",\"@id\":\"https:\\\/\\\/www.elsamec.it\\\/fr\\\/faq-2#primaryimage\",\"url\":\"http:\\/\\/www.elsamec.it\\/wp-content\\/uploads\\/2019\\/03\\/cert-300x119.jpg\",\"contentUrl\":\"http:\\/\\/www.elsamec.it\\/wp-content\\/uploads\\/2019\\/03\\/cert-300x119.jpg\"},{\"@type\":\"BreadcrumbList\",\"@id\":\"https:\\\/\\\/www.elsamec.it\\\/fr\\\/faq-2#breadcrumb\",\"itemListElement\":[{\"@type\":\"ListItem\",\"position\":1,\"name\":\"home\",\"item\":\"https:\\\/\\\/www.elsamec.it\\\/fr\"},{\"@type\":\"ListItem\",\"position\":2,\"name\":\"faq\"}]},{\"@type\":\"WebSite\",\"@id\":\"https:\\\/\\\/www.elsamec.it\\\/fr#website\",\"url\":\"https:\\\/\\\/www.elsamec.it\\\/fr\",\"name\":\"Elsamec\",\"description\":\"gears for comfort\",\"publisher\":{\"@id\":\"https:\\\/\\\/www.elsamec.it\\\/fr#organization\"},\"potentialAction\":[{\"@type\":\"SearchAction\",\"target\":{\"@type\":\"EntryPoint\",\"urlTemplate\":\"https:\\\/\\\/www.elsamec.it\\\/fr?s={search_term_string}\"},\"query-input\":{\"@type\":\"PropertyValueSpecification\",\"valueRequired\":true,\"valueName\":\"search_term_string\"}}],\"inLanguage\":\"fr-FR\"},{\"@type\":\"Organization\",\"@id\":\"https:\\\/\\\/www.elsamec.it\\\/fr#organization\",\"name\":\"Elsamec s.r.l.\",\"url\":\"https:\\\/\\\/www.elsamec.it\\\/fr\",\"logo\":{\"@type\":\"ImageObject\",\"inLanguage\":\"fr-FR\",\"@id\":\"https:\\\/\\\/www.elsamec.it\\\/fr#\\\/schema\\\/logo\\\/image\\\/\",\"url\":\"http:\\/\\/www.elsamec.it\\/wp-content\\/uploads\\/2020\\/09\\/logo-nak3.png\",\"contentUrl\":\"http:\\/\\/www.elsamec.it\\/wp-content\\/uploads\\/2020\\/09\\/logo-nak3.png\",\"width\":422,\"height\":288,\"caption\":\"Elsamec s.r.l.\"},\"image\":{\"@id\":\"https:\\\/\\\/www.elsamec.it\\\/fr#\\\/schema\\\/logo\\\/image\\\/\"},\"sameAs\":[\"https:\\\/\\\/www.facebook.com\\\/ElsamecMotors\",\"https:\\\/\\\/www.instagram.com\\\/elsamec_srl\\\/\",\"https:\\\/\\\/www.linkedin.com\\\/company\\\/elsamecsrl\\\/\",\"https:\\\/\\\/www.youtube.com\\\/channel\\\/UCCbrY76KllziJJd13xrq6kg\"]}]}<\/script>\n<!-- \/ Yoast SEO plugin. -->","yoast_head_json":{"title":"faq - Elsamec","robots":{"index":"index","follow":"follow","max-snippet":"max-snippet:-1","max-image-preview":"max-image-preview:large","max-video-preview":"max-video-preview:-1"},"canonical":"https:\/\/www.elsamec.it\/fr\/faq-2","og_locale":"fr_FR","og_type":"article","og_title":"faq - Elsamec","og_description":"[vc_row type=\u00a0\u00bbfull_width_background\u00a0\u00bb full_screen_row_position=\u00a0\u00bbmiddle\u00a0\u00bb column_margin=\u00a0\u00bbdefault\u00a0\u00bb column_direction=\u00a0\u00bbdefault\u00a0\u00bb column_direction_tablet=\u00a0\u00bbdefault\u00a0\u00bb column_direction_phone=\u00a0\u00bbdefault\u00a0\u00bb scene_position=\u00a0\u00bbcenter\u00a0\u00bb top_padding=\u00a0\u00bb120&Prime; bottom_padding=\u00a0\u00bb120&Prime; text_color=\u00a0\u00bbdark\u00a0\u00bb text_align=\u00a0\u00bbleft\u00a0\u00bb row_border_radius=\u00a0\u00bbnone\u00a0\u00bb row_border_radius_applies=\u00a0\u00bbbg\u00a0\u00bb class=\u00a0\u00bbtesta-pag\u00a0\u00bb overlay_strength=\u00a0\u00bb0.3&Prime; gradient_direction=\u00a0\u00bbleft_to_right\u00a0\u00bb enable_shape_divider=\u00a0\u00bbtrue\u00a0\u00bb shape_divider_color=\u00a0\u00bb#ffd644&Prime; shape_divider_position=\u00a0\u00bbboth\u00a0\u00bb shape_divider_height=\u00a0\u00bb120&Prime; bg_image_animation=\u00a0\u00bbnone\u00a0\u00bb shape_type=\u00a0\u00bbwaves\u00a0\u00bb][vc_column column_padding=\u00a0\u00bbno-extra-padding\u00a0\u00bb column_padding_tablet=\u00a0\u00bbinherit\u00a0\u00bb column_padding_phone=\u00a0\u00bbinherit\u00a0\u00bb column_padding_position=\u00a0\u00bball\u00a0\u00bb background_color_opacity=\u00a0\u00bb1&Prime; background_hover_color_opacity=\u00a0\u00bb1&Prime; column_shadow=\u00a0\u00bbnone\u00a0\u00bb...","og_url":"https:\/\/www.elsamec.it\/fr\/faq-2","og_site_name":"Elsamec","article_publisher":"https:\/\/www.facebook.com\/ElsamecMotors","article_modified_time":"2024-08-08T13:24:31+00:00","og_image":[{"url":"https:\/\/mltze27vqxba.i.optimole.com\/cb:FM84~ded9\/w:300\/h:119\/q:mauto\/g:sm\/f:best\/http:\/\/www.elsamec.it\/wp-content\/uploads\/2019\/03\/cert.jpg","type":"","width":"","height":""}],"twitter_card":"summary_large_image","twitter_misc":{"Dur\u00e9e de lecture estim\u00e9e":"4 minutes"},"schema":{"@context":"https:\/\/schema.org","@graph":[{"@type":"WebPage","@id":"https:\/\/www.elsamec.it\/fr\/faq-2","url":"https:\/\/www.elsamec.it\/fr\/faq-2","name":"faq - Elsamec","isPartOf":{"@id":"https:\/\/www.elsamec.it\/fr#website"},"primaryImageOfPage":{"@id":"https:\/\/www.elsamec.it\/fr\/faq-2#primaryimage"},"image":{"@id":"https:\/\/www.elsamec.it\/fr\/faq-2#primaryimage"},"thumbnailUrl":"https:\/\/mltze27vqxba.i.optimole.com\/cb:FM84~ded9\/w:300\/h:119\/q:mauto\/g:sm\/f:best\/http:\/\/www.elsamec.it\/wp-content\/uploads\/2019\/03\/cert.jpg","datePublished":"2019-04-18T16:19:15+00:00","dateModified":"2024-08-08T13:24:31+00:00","breadcrumb":{"@id":"https:\/\/www.elsamec.it\/fr\/faq-2#breadcrumb"},"inLanguage":"fr-FR","potentialAction":[{"@type":"ReadAction","target":["https:\/\/www.elsamec.it\/fr\/faq-2"]}]},{"@type":"ImageObject","inLanguage":"fr-FR","@id":"https:\/\/www.elsamec.it\/fr\/faq-2#primaryimage","url":"https:\/\/mltze27vqxba.i.optimole.com\/cb:FM84~ded9\/w:300\/h:119\/q:mauto\/g:sm\/f:best\/http:\/\/www.elsamec.it\/wp-content\/uploads\/2019\/03\/cert.jpg","contentUrl":"https:\/\/mltze27vqxba.i.optimole.com\/cb:FM84~ded9\/w:300\/h:119\/q:mauto\/g:sm\/f:best\/http:\/\/www.elsamec.it\/wp-content\/uploads\/2019\/03\/cert.jpg"},{"@type":"BreadcrumbList","@id":"https:\/\/www.elsamec.it\/fr\/faq-2#breadcrumb","itemListElement":[{"@type":"ListItem","position":1,"name":"home","item":"https:\/\/www.elsamec.it\/fr"},{"@type":"ListItem","position":2,"name":"faq"}]},{"@type":"WebSite","@id":"https:\/\/www.elsamec.it\/fr#website","url":"https:\/\/www.elsamec.it\/fr","name":"Elsamec","description":"gears for comfort","publisher":{"@id":"https:\/\/www.elsamec.it\/fr#organization"},"potentialAction":[{"@type":"SearchAction","target":{"@type":"EntryPoint","urlTemplate":"https:\/\/www.elsamec.it\/fr?s={search_term_string}"},"query-input":{"@type":"PropertyValueSpecification","valueRequired":true,"valueName":"search_term_string"}}],"inLanguage":"fr-FR"},{"@type":"Organization","@id":"https:\/\/www.elsamec.it\/fr#organization","name":"Elsamec s.r.l.","url":"https:\/\/www.elsamec.it\/fr","logo":{"@type":"ImageObject","inLanguage":"fr-FR","@id":"https:\/\/www.elsamec.it\/fr#\/schema\/logo\/image\/","url":"https:\/\/mltze27vqxba.i.optimole.com\/cb:FM84~ded9\/w:auto\/h:auto\/q:mauto\/g:sm\/f:best\/http:\/\/www.elsamec.it\/wp-content\/uploads\/2020\/09\/logo-nak3.png","contentUrl":"https:\/\/mltze27vqxba.i.optimole.com\/cb:FM84~ded9\/w:auto\/h:auto\/q:mauto\/g:sm\/f:best\/http:\/\/www.elsamec.it\/wp-content\/uploads\/2020\/09\/logo-nak3.png","width":422,"height":288,"caption":"Elsamec s.r.l."},"image":{"@id":"https:\/\/www.elsamec.it\/fr#\/schema\/logo\/image\/"},"sameAs":["https:\/\/www.facebook.com\/ElsamecMotors","https:\/\/www.instagram.com\/elsamec_srl\/","https:\/\/www.linkedin.com\/company\/elsamecsrl\/","https:\/\/www.youtube.com\/channel\/UCCbrY76KllziJJd13xrq6kg"]}]}},"_links":{"self":[{"href":"https:\/\/www.elsamec.it\/fr\/wp-json\/wp\/v2\/pages\/11024","targetHints":{"allow":["GET"]}}],"collection":[{"href":"https:\/\/www.elsamec.it\/fr\/wp-json\/wp\/v2\/pages"}],"about":[{"href":"https:\/\/www.elsamec.it\/fr\/wp-json\/wp\/v2\/types\/page"}],"author":[{"embeddable":true,"href":"https:\/\/www.elsamec.it\/fr\/wp-json\/wp\/v2\/users\/1"}],"replies":[{"embeddable":true,"href":"https:\/\/www.elsamec.it\/fr\/wp-json\/wp\/v2\/comments?post=11024"}],"version-history":[{"count":3,"href":"https:\/\/www.elsamec.it\/fr\/wp-json\/wp\/v2\/pages\/11024\/revisions"}],"predecessor-version":[{"id":11027,"href":"https:\/\/www.elsamec.it\/fr\/wp-json\/wp\/v2\/pages\/11024\/revisions\/11027"}],"wp:attachment":[{"href":"https:\/\/www.elsamec.it\/fr\/wp-json\/wp\/v2\/media?parent=11024"}],"curies":[{"name":"wp","href":"https:\/\/api.w.org\/{rel}","templated":true}]}}