{"id":11033,"date":"2022-03-24T19:22:21","date_gmt":"2022-03-24T18:22:21","guid":{"rendered":"https:\/\/www.elsamec.it\/prb-series"},"modified":"2024-08-08T15:34:09","modified_gmt":"2024-08-08T13:34:09","slug":"prb-series","status":"publish","type":"page","link":"https:\/\/www.elsamec.it\/fr\/prb-series","title":{"rendered":"S\u00e9rie PRB"},"content":{"rendered":"[vc_row type=\u00a0\u00bbfull_width_background\u00a0\u00bb full_screen_row_position=\u00a0\u00bbmiddle\u00a0\u00bb column_margin=\u00a0\u00bbdefault\u00a0\u00bb column_direction=\u00a0\u00bbdefault\u00a0\u00bb column_direction_tablet=\u00a0\u00bbdefault\u00a0\u00bb column_direction_phone=\u00a0\u00bbdefault\u00a0\u00bb scene_position=\u00a0\u00bbcenter\u00a0\u00bb top_padding=\u00a0\u00bb120&Prime; bottom_padding=\u00a0\u00bb220&Prime; top_padding_tablet=\u00a0\u00bb50&Prime; bottom_padding_tablet=\u00a0\u00bb150&Prime; text_color=\u00a0\u00bbdark\u00a0\u00bb text_align=\u00a0\u00bbleft\u00a0\u00bb row_border_radius=\u00a0\u00bbnone\u00a0\u00bb row_border_radius_applies=\u00a0\u00bbbg\u00a0\u00bb overflow=\u00a0\u00bbvisible\u00a0\u00bb id=\u00a0\u00bbmotori\u00a0\u00bb advanced_gradient_angle=\u00a0\u00bb0&Prime; overlay_strength=\u00a0\u00bb0.3&Prime; gradient_direction=\u00a0\u00bbleft_to_right\u00a0\u00bb enable_shape_divider=\u00a0\u00bbtrue\u00a0\u00bb shape_divider_color=\u00a0\u00bb#ffd644&Prime; shape_divider_position=\u00a0\u00bbboth\u00a0\u00bb shape_divider_height=\u00a0\u00bb120&Prime; shape_divider_bring_to_front=\u00a0\u00bbtrue\u00a0\u00bb bg_image_animation=\u00a0\u00bbnone\u00a0\u00bb shape_type=\u00a0\u00bbwaves\u00a0\u00bb gradient_type=\u00a0\u00bbdefault\u00a0\u00bb][vc_column column_padding=\u00a0\u00bbno-extra-padding\u00a0\u00bb column_padding_tablet=\u00a0\u00bbinherit\u00a0\u00bb column_padding_phone=\u00a0\u00bbinherit\u00a0\u00bb column_padding_position=\u00a0\u00bball\u00a0\u00bb column_element_direction_desktop=\u00a0\u00bbdefault\u00a0\u00bb column_element_spacing=\u00a0\u00bbdefault\u00a0\u00bb desktop_text_alignment=\u00a0\u00bbdefault\u00a0\u00bb tablet_text_alignment=\u00a0\u00bbdefault\u00a0\u00bb phone_text_alignment=\u00a0\u00bbdefault\u00a0\u00bb background_color_opacity=\u00a0\u00bb1&Prime; background_hover_color_opacity=\u00a0\u00bb1&Prime; column_backdrop_filter=\u00a0\u00bbnone\u00a0\u00bb column_shadow=\u00a0\u00bbnone\u00a0\u00bb column_border_radius=\u00a0\u00bbnone\u00a0\u00bb column_link_target=\u00a0\u00bb_self\u00a0\u00bb column_position=\u00a0\u00bbdefault\u00a0\u00bb gradient_direction=\u00a0\u00bbleft_to_right\u00a0\u00bb overlay_strength=\u00a0\u00bb0.3&Prime; width=\u00a0\u00bb1\/1&Prime; tablet_width_inherit=\u00a0\u00bbdefault\u00a0\u00bb animation_type=\u00a0\u00bbdefault\u00a0\u00bb bg_image_animation=\u00a0\u00bbnone\u00a0\u00bb border_type=\u00a0\u00bbsimple\u00a0\u00bb column_border_width=\u00a0\u00bbnone\u00a0\u00bb column_border_style=\u00a0\u00bbsolid\u00a0\u00bb][vc_row_inner equal_height=\u00a0\u00bbyes\u00a0\u00bb content_placement=\u00a0\u00bbmiddle\u00a0\u00bb column_margin=\u00a0\u00bbdefault\u00a0\u00bb column_direction=\u00a0\u00bbdefault\u00a0\u00bb column_direction_tablet=\u00a0\u00bbdefault\u00a0\u00bb column_direction_phone=\u00a0\u00bbdefault\u00a0\u00bb text_align=\u00a0\u00bbleft\u00a0\u00bb row_position=\u00a0\u00bbdefault\u00a0\u00bb row_position_tablet=\u00a0\u00bbinherit\u00a0\u00bb row_position_phone=\u00a0\u00bbinherit\u00a0\u00bb overflow=\u00a0\u00bbvisible\u00a0\u00bb pointer_events=\u00a0\u00bball\u00a0\u00bb][vc_column_inner column_padding=\u00a0\u00bbno-extra-padding\u00a0\u00bb column_padding_tablet=\u00a0\u00bbinherit\u00a0\u00bb column_padding_phone=\u00a0\u00bbinherit\u00a0\u00bb column_padding_position=\u00a0\u00bbright\u00a0\u00bb column_element_direction_desktop=\u00a0\u00bbdefault\u00a0\u00bb column_element_spacing=\u00a0\u00bbdefault\u00a0\u00bb desktop_text_alignment=\u00a0\u00bbdefault\u00a0\u00bb tablet_text_alignment=\u00a0\u00bbdefault\u00a0\u00bb phone_text_alignment=\u00a0\u00bbdefault\u00a0\u00bb background_color_opacity=\u00a0\u00bb1&Prime; background_hover_color_opacity=\u00a0\u00bb1&Prime; column_backdrop_filter=\u00a0\u00bbnone\u00a0\u00bb column_shadow=\u00a0\u00bbnone\u00a0\u00bb column_border_radius=\u00a0\u00bbnone\u00a0\u00bb column_link_target=\u00a0\u00bb_self\u00a0\u00bb overflow=\u00a0\u00bbvisible\u00a0\u00bb gradient_direction=\u00a0\u00bbleft_to_right\u00a0\u00bb overlay_strength=\u00a0\u00bb0.3&Prime; width=\u00a0\u00bb1\/4&Prime; tablet_width_inherit=\u00a0\u00bbdefault\u00a0\u00bb animation_type=\u00a0\u00bbdefault\u00a0\u00bb bg_image_animation=\u00a0\u00bbnone\u00a0\u00bb border_type=\u00a0\u00bbsimple\u00a0\u00bb column_border_width=\u00a0\u00bbnone\u00a0\u00bb column_border_style=\u00a0\u00bbsolid\u00a0\u00bb][vc_column_text]\n<h2>S\u00e9rie PRB<\/h2>\n[\/vc_column_text][vc_column_text el_class=\u00a0\u00bbbody-info\u00a0\u00bb]Le syst\u00e8me de protection contre les chutes de la s\u00e9rie PRB d&rsquo;ELSAMEC pour les volets roulants et autres syst\u00e8mes de mouvement vertical a \u00e9t\u00e9 con\u00e7u et fabriqu\u00e9 en totale conformit\u00e9 avec les <strong>normes EN 12604 et 12605<\/strong> afin de garantir une s\u00e9curit\u00e9 maximale \u00e0 chaque \u00e9tape de l&rsquo;\u00e9v\u00e9nement accidentel.[\/vc_column_text][divider line_type=\u00a0\u00bbFull Width Line\u00a0\u00bb line_thickness=\u00a0\u00bb1&Prime; divider_color=\u00a0\u00bbdefault\u00a0\u00bb][image_with_animation image_url=\u00a0\u00bb2848&Prime; image_size=\u00a0\u00bbfull\u00a0\u00bb animation_type=\u00a0\u00bbentrance\u00a0\u00bb animation=\u00a0\u00bbFade In\u00a0\u00bb animation_easing=\u00a0\u00bbdefault\u00a0\u00bb animation_movement_type=\u00a0\u00bbtransform_y\u00a0\u00bb hover_animation=\u00a0\u00bbnone\u00a0\u00bb alignment=\u00a0\u00bb\u00a0\u00bb border_radius=\u00a0\u00bbnone\u00a0\u00bb box_shadow=\u00a0\u00bbnone\u00a0\u00bb image_loading=\u00a0\u00bbdefault\u00a0\u00bb max_width=\u00a0\u00bb50%\u00a0\u00bb max_width_mobile=\u00a0\u00bbdefault\u00a0\u00bb el_class=\u00a0\u00bbtuv\u00a0\u00bb][divider line_type=\u00a0\u00bbNo Line\u00a0\u00bb][divider line_type=\u00a0\u00bbNo Line\u00a0\u00bb][divider line_type=\u00a0\u00bbFull Width Line\u00a0\u00bb line_thickness=\u00a0\u00bb1&Prime; divider_color=\u00a0\u00bbdefault\u00a0\u00bb][nectar_btn size=\u00a0\u00bbsmall\u00a0\u00bb button_style=\u00a0\u00bbsee-through-2&Prime; color_override=\u00a0\u00bb#202733&Prime; hover_color_override=\u00a0\u00bb#ffd644&Prime; hover_text_color_override=\u00a0\u00bb#000000&Prime; icon_family=\u00a0\u00bbfontawesome\u00a0\u00bb el_class=\u00a0\u00bbreturn\u00a0\u00bb text=\u00a0\u00bballez \u00e0 : \u00ab\u00a0tous les syst\u00e8mes d&apos;arr\u00eat des chutes\u00ab\u00a0.\u00a0\u00bb url=\u00a0\u00bbhttps:\/\/www.elsamec.it\/fr\/sistemi-anticaduta\u00a0\u00bb icon_fontawesome=\u00a0\u00bbfa fa-arrow-right\u00a0\u00bb][\/vc_column_inner][vc_column_inner column_padding=\u00a0\u00bbpadding-3-percent\u00a0\u00bb column_padding_tablet=\u00a0\u00bbinherit\u00a0\u00bb column_padding_phone=\u00a0\u00bbinherit\u00a0\u00bb column_padding_position=\u00a0\u00bbleft\u00a0\u00bb column_element_direction_desktop=\u00a0\u00bbdefault\u00a0\u00bb column_element_spacing=\u00a0\u00bbdefault\u00a0\u00bb desktop_text_alignment=\u00a0\u00bbdefault\u00a0\u00bb tablet_text_alignment=\u00a0\u00bbdefault\u00a0\u00bb phone_text_alignment=\u00a0\u00bbdefault\u00a0\u00bb background_color_opacity=\u00a0\u00bb1&Prime; background_hover_color_opacity=\u00a0\u00bb1&Prime; column_backdrop_filter=\u00a0\u00bbnone\u00a0\u00bb column_shadow=\u00a0\u00bbnone\u00a0\u00bb column_border_radius=\u00a0\u00bbnone\u00a0\u00bb column_link_target=\u00a0\u00bb_self\u00a0\u00bb overflow=\u00a0\u00bbvisible\u00a0\u00bb gradient_direction=\u00a0\u00bbleft_to_right\u00a0\u00bb overlay_strength=\u00a0\u00bb0.3&Prime; width=\u00a0\u00bb3\/4&Prime; tablet_width_inherit=\u00a0\u00bbdefault\u00a0\u00bb animation_type=\u00a0\u00bbdefault\u00a0\u00bb bg_image_animation=\u00a0\u00bbnone\u00a0\u00bb border_type=\u00a0\u00bbsimple\u00a0\u00bb column_border_width=\u00a0\u00bbnone\u00a0\u00bb column_border_style=\u00a0\u00bbsolid\u00a0\u00bb]\n\n\n\t\t\t\t<div class=\"portfolio-wrap \">\n\n\t\t\t\t\t\n\t\t\t\t\t<span class=\"portfolio-loading  none\">   <\/span>\n\n\t\t\t\t\t\n\t\t\t\t\t<div class=\"row portfolio-items no-masonry  \" data-rcp=\"false\" data-masonry-type=\"default\" data-ps=\"9\" data-starting-filter=\"\" data-gutter=\"default\" data-categories-to-show=\"prb\" data-bypass-cropping=\"\" data-lightbox-only=\"0\" data-col-num=\"cols-3\">\n\t\t\t\t\t\t\n\t\t\t\t\t\t\n\t\t\t\t\t\t<div class=\"col span_4  element diciotto-fr per-mortori-laterali-fr prb-50-fr prb-fr \"  data-project-cat=\"diciotto-fr per-mortori-laterali-fr prb-50-fr prb-fr \" data-default-color=\"true\" data-title-color=\"\" data-subtitle-color=\"\">\n\n\t\t\t\t\t\t\t<div class=\"inner-wrap animated\" data-animation=\"fade_in_from_bottom\">\n\n\t\t\t\t\t\t\t\t\n\t\t\t\t\t\t\t\t\t<div class=\"work-item style-1\" data-custom-content=\"off\">\n\n\t\t\t\t\t\t\t\t\t\t<img data-opt-id=881356180  fetchpriority=\"high\" decoding=\"async\" class=\"size- skip-lazy\" src=\"https:\/\/mltze27vqxba.i.optimole.com\/cb:FM84~ded9\/w:600\/h:403\/q:mauto\/rt:fill\/g:sm\/f:best\/https:\/\/www.elsamec.it\/wp-content\/uploads\/2019\/04\/PRB-50-feat.jpg\" alt=\"\" height=\"403\" width=\"600\" srcset=\"https:\/\/mltze27vqxba.i.optimole.com\/cb:FM84~ded9\/w:600\/h:403\/q:mauto\/rt:fill\/g:sm\/f:best\/https:\/\/www.elsamec.it\/wp-content\/uploads\/2019\/04\/PRB-50-feat.jpg 600w, https:\/\/mltze27vqxba.i.optimole.com\/cb:FM84~ded9\/w:400\/h:269\/q:mauto\/rt:fill\/g:sm\/f:best\/https:\/\/www.elsamec.it\/wp-content\/uploads\/2019\/04\/PRB-50-feat.jpg 400w\" sizes=\"(min-width: 1000px) 33.3vw, (min-width: 690px) 50vw, 100vw\" \/>\n\n\t\t\t\t\t\t\t\t\t\t<div class=\"work-info\">\n\n\n\t\t\t\t\t\t\t\t\t\t\t\n\t\t\t\t\t\t\t\t\t\t\t\t<a href=\"https:\/\/www.elsamec.it\/fr\/prodotti\/prb-50\"><span class=\"screen-reader-text\">PRB 50<\/span><\/a>\n\n\t\t\t\t\t\t\t\t\t\t\t\n\n\t\t\t\t\t\t\t\t\t\t<\/div>\n\n\t\t\t\t\t\t\t\t\t<\/div><!--work-item-->\n\n\t\t\t\t\t\t\t\t\t<div class=\"work-meta\">\n\t\t\t\t\t\t\t\t\t\t<h4 class=\"title\">PRB 50<\/h4>\n\n\t\t\t\t\t\t\t\t\t\t<p>syst\u00e8me d'arr\u00eat de chute r\u00e9initialisable<\/p>\n\t\t\t\t\t\t\t\t\t<\/div>\n\n\n\t\t\t\t\t\t\t\t\n\n\t\t\t\t\t\t\t<\/div><!--\/inner-wrap-->\n\t\t\t\t\t\t<\/div><!--\/col-->\n\n\t\t\t\t\t\n\t\t\t\t\t\t\n\t\t\t\t\t\t<div class=\"col span_4  element per-mortori-laterali-fr prb-40-fr prb-fr \"  data-project-cat=\"per-mortori-laterali-fr prb-40-fr prb-fr \" data-default-color=\"true\" data-title-color=\"\" data-subtitle-color=\"\">\n\n\t\t\t\t\t\t\t<div class=\"inner-wrap animated\" data-animation=\"fade_in_from_bottom\">\n\n\t\t\t\t\t\t\t\t\n\t\t\t\t\t\t\t\t\t<div class=\"work-item style-1\" data-custom-content=\"off\">\n\n\t\t\t\t\t\t\t\t\t\t<img data-opt-id=2005467890  fetchpriority=\"high\" decoding=\"async\" class=\"size- skip-lazy\" src=\"https:\/\/mltze27vqxba.i.optimole.com\/cb:FM84~ded9\/w:600\/h:403\/q:mauto\/rt:fill\/g:sm\/f:best\/https:\/\/www.elsamec.it\/wp-content\/uploads\/2019\/04\/PRB-40-feat.jpg\" alt=\"\" height=\"403\" width=\"600\" srcset=\"https:\/\/mltze27vqxba.i.optimole.com\/cb:FM84~ded9\/w:600\/h:403\/q:mauto\/rt:fill\/g:sm\/f:best\/https:\/\/www.elsamec.it\/wp-content\/uploads\/2019\/04\/PRB-40-feat.jpg 600w, https:\/\/mltze27vqxba.i.optimole.com\/cb:FM84~ded9\/w:400\/h:269\/q:mauto\/rt:fill\/g:sm\/f:best\/https:\/\/www.elsamec.it\/wp-content\/uploads\/2019\/04\/PRB-40-feat.jpg 400w\" sizes=\"(min-width: 1000px) 33.3vw, (min-width: 690px) 50vw, 100vw\" \/>\n\n\t\t\t\t\t\t\t\t\t\t<div class=\"work-info\">\n\n\n\t\t\t\t\t\t\t\t\t\t\t\n\t\t\t\t\t\t\t\t\t\t\t\t<a href=\"https:\/\/www.elsamec.it\/fr\/prodotti\/prb-40\"><span class=\"screen-reader-text\">PRB 40<\/span><\/a>\n\n\t\t\t\t\t\t\t\t\t\t\t\n\n\t\t\t\t\t\t\t\t\t\t<\/div>\n\n\t\t\t\t\t\t\t\t\t<\/div><!--work-item-->\n\n\t\t\t\t\t\t\t\t\t<div class=\"work-meta\">\n\t\t\t\t\t\t\t\t\t\t<h4 class=\"title\">PRB 40<\/h4>\n\n\t\t\t\t\t\t\t\t\t\t<p>syst\u00e8me d'arr\u00eat de chute r\u00e9initialisable<\/p>\n\t\t\t\t\t\t\t\t\t<\/div>\n\n\n\t\t\t\t\t\t\t\t\n\n\t\t\t\t\t\t\t<\/div><!--\/inner-wrap-->\n\t\t\t\t\t\t<\/div><!--\/col-->\n\n\t\t\t\t\t\n\t\t\t\t\t\t\n\t\t\t\t\t\t<div class=\"col span_4  element anti-plus-and-mini-fr prb-30-fr prb-fr \"  data-project-cat=\"anti-plus-and-mini-fr prb-30-fr prb-fr \" data-default-color=\"true\" data-title-color=\"\" data-subtitle-color=\"\">\n\n\t\t\t\t\t\t\t<div class=\"inner-wrap animated\" data-animation=\"fade_in_from_bottom\">\n\n\t\t\t\t\t\t\t\t\n\t\t\t\t\t\t\t\t\t<div class=\"work-item style-1\" data-custom-content=\"off\">\n\n\t\t\t\t\t\t\t\t\t\t<img data-opt-id=1027466589  fetchpriority=\"high\" decoding=\"async\" class=\"size- skip-lazy\" src=\"https:\/\/mltze27vqxba.i.optimole.com\/cb:FM84~ded9\/w:600\/h:403\/q:mauto\/rt:fill\/g:sm\/f:best\/https:\/\/www.elsamec.it\/wp-content\/uploads\/2019\/04\/PRB-30-feat.jpg\" alt=\"\" height=\"403\" width=\"600\" srcset=\"https:\/\/mltze27vqxba.i.optimole.com\/cb:FM84~ded9\/w:600\/h:403\/q:mauto\/rt:fill\/g:sm\/f:best\/https:\/\/www.elsamec.it\/wp-content\/uploads\/2019\/04\/PRB-30-feat.jpg 600w, https:\/\/mltze27vqxba.i.optimole.com\/cb:FM84~ded9\/w:400\/h:269\/q:mauto\/rt:fill\/g:sm\/f:best\/https:\/\/www.elsamec.it\/wp-content\/uploads\/2019\/04\/PRB-30-feat.jpg 400w\" sizes=\"(min-width: 1000px) 33.3vw, (min-width: 690px) 50vw, 100vw\" \/>\n\n\t\t\t\t\t\t\t\t\t\t<div class=\"work-info\">\n\n\n\t\t\t\t\t\t\t\t\t\t\t\n\t\t\t\t\t\t\t\t\t\t\t\t<a href=\"https:\/\/www.elsamec.it\/fr\/prodotti\/prb-30\"><span class=\"screen-reader-text\">PRB 30<\/span><\/a>\n\n\t\t\t\t\t\t\t\t\t\t\t\n\n\t\t\t\t\t\t\t\t\t\t<\/div>\n\n\t\t\t\t\t\t\t\t\t<\/div><!--work-item-->\n\n\t\t\t\t\t\t\t\t\t<div class=\"work-meta\">\n\t\t\t\t\t\t\t\t\t\t<h4 class=\"title\">PRB 30<\/h4>\n\n\t\t\t\t\t\t\t\t\t\t<p>syst\u00e8me d'arr\u00eat de chute r\u00e9initialisable<\/p>\n\t\t\t\t\t\t\t\t\t<\/div>\n\n\n\t\t\t\t\t\t\t\t\n\n\t\t\t\t\t\t\t<\/div><!--\/inner-wrap-->\n\t\t\t\t\t\t<\/div><!--\/col-->\n\n\t\t\t\t\t\n\t\t\t\t<\/div><!--\/portfolio-->\n\t\t\t<\/div><!--\/portfolio wrap-->\n\n\t\t\t[\/vc_column_inner][\/vc_row_inner][\/vc_column][\/vc_row]\n","protected":false},"excerpt":{"rendered":"<p>[vc_row type=\u00a0\u00bbfull_width_background\u00a0\u00bb full_screen_row_position=\u00a0\u00bbmiddle\u00a0\u00bb column_margin=\u00a0\u00bbdefault\u00a0\u00bb column_direction=\u00a0\u00bbdefault\u00a0\u00bb column_direction_tablet=\u00a0\u00bbdefault\u00a0\u00bb column_direction_phone=\u00a0\u00bbdefault\u00a0\u00bb scene_position=\u00a0\u00bbcenter\u00a0\u00bb top_padding=\u00a0\u00bb120&Prime; bottom_padding=\u00a0\u00bb220&Prime; top_padding_tablet=\u00a0\u00bb50&Prime; bottom_padding_tablet=\u00a0\u00bb150&Prime; text_color=\u00a0\u00bbdark\u00a0\u00bb text_align=\u00a0\u00bbleft\u00a0\u00bb row_border_radius=\u00a0\u00bbnone\u00a0\u00bb row_border_radius_applies=\u00a0\u00bbbg\u00a0\u00bb overflow=\u00a0\u00bbvisible\u00a0\u00bb id=\u00a0\u00bbmotori\u00a0\u00bb advanced_gradient_angle=\u00a0\u00bb0&Prime; overlay_strength=\u00a0\u00bb0.3&Prime; gradient_direction=\u00a0\u00bbleft_to_right\u00a0\u00bb enable_shape_divider=\u00a0\u00bbtrue\u00a0\u00bb shape_divider_color=\u00a0\u00bb#ffd644&Prime; shape_divider_position=\u00a0\u00bbboth\u00a0\u00bb shape_divider_height=\u00a0\u00bb120&Prime; shape_divider_bring_to_front=\u00a0\u00bbtrue\u00a0\u00bb bg_image_animation=\u00a0\u00bbnone\u00a0\u00bb shape_type=\u00a0\u00bbwaves\u00a0\u00bb gradient_type=\u00a0\u00bbdefault\u00a0\u00bb][vc_column column_padding=\u00a0\u00bbno-extra-padding\u00a0\u00bb&#8230;<\/p>\n","protected":false},"author":1,"featured_media":0,"parent":0,"menu_order":106,"comment_status":"closed","ping_status":"closed","template":"","meta":{"footnotes":""},"class_list":["post-11033","page","type-page","status-publish"],"yoast_head":"<!-- This site is optimized with the Yoast SEO plugin v27.4 - https:\/\/yoast.com\/product\/yoast-seo-wordpress\/ -->\n<title>S\u00e9rie PRB - Elsamec<\/title>\n<meta name=\"robots\" content=\"index, follow, max-snippet:-1, max-image-preview:large, max-video-preview:-1\" \/>\n<link rel=\"canonical\" href=\"https:\/\/www.elsamec.it\/fr\/prb-series\" \/>\n<meta property=\"og:locale\" content=\"fr_FR\" \/>\n<meta property=\"og:type\" content=\"article\" \/>\n<meta property=\"og:title\" content=\"S\u00e9rie PRB - Elsamec\" \/>\n<meta property=\"og:description\" content=\"[vc_row type=\u00a0\u00bbfull_width_background\u00a0\u00bb full_screen_row_position=\u00a0\u00bbmiddle\u00a0\u00bb column_margin=\u00a0\u00bbdefault\u00a0\u00bb column_direction=\u00a0\u00bbdefault\u00a0\u00bb column_direction_tablet=\u00a0\u00bbdefault\u00a0\u00bb column_direction_phone=\u00a0\u00bbdefault\u00a0\u00bb scene_position=\u00a0\u00bbcenter\u00a0\u00bb top_padding=\u00a0\u00bb120&Prime; bottom_padding=\u00a0\u00bb220&Prime; top_padding_tablet=\u00a0\u00bb50&Prime; bottom_padding_tablet=\u00a0\u00bb150&Prime; text_color=\u00a0\u00bbdark\u00a0\u00bb text_align=\u00a0\u00bbleft\u00a0\u00bb row_border_radius=\u00a0\u00bbnone\u00a0\u00bb row_border_radius_applies=\u00a0\u00bbbg\u00a0\u00bb overflow=\u00a0\u00bbvisible\u00a0\u00bb id=\u00a0\u00bbmotori\u00a0\u00bb advanced_gradient_angle=\u00a0\u00bb0&Prime; overlay_strength=\u00a0\u00bb0.3&Prime; gradient_direction=\u00a0\u00bbleft_to_right\u00a0\u00bb enable_shape_divider=\u00a0\u00bbtrue\u00a0\u00bb shape_divider_color=\u00a0\u00bb#ffd644&Prime; shape_divider_position=\u00a0\u00bbboth\u00a0\u00bb shape_divider_height=\u00a0\u00bb120&Prime; shape_divider_bring_to_front=\u00a0\u00bbtrue\u00a0\u00bb bg_image_animation=\u00a0\u00bbnone\u00a0\u00bb shape_type=\u00a0\u00bbwaves\u00a0\u00bb gradient_type=\u00a0\u00bbdefault\u00a0\u00bb][vc_column column_padding=\u00a0\u00bbno-extra-padding\u00a0\u00bb...\" \/>\n<meta property=\"og:url\" content=\"https:\/\/www.elsamec.it\/fr\/prb-series\" \/>\n<meta property=\"og:site_name\" content=\"Elsamec\" \/>\n<meta property=\"article:publisher\" content=\"https:\/\/www.facebook.com\/ElsamecMotors\" \/>\n<meta property=\"article:modified_time\" content=\"2024-08-08T13:34:09+00:00\" \/>\n<meta property=\"og:image\" content=\"https:\/\/mltze27vqxba.i.optimole.com\/cb:FM84~ded9\/w:auto\/h:auto\/q:mauto\/g:sm\/f:best\/https:\/\/www.elsamec.it\/wp-content\/uploads\/2022\/04\/cover-50.png\" \/>\n\t<meta property=\"og:image:width\" content=\"1920\" \/>\n\t<meta property=\"og:image:height\" content=\"1080\" \/>\n\t<meta property=\"og:image:type\" content=\"image\/png\" \/>\n<meta name=\"twitter:card\" content=\"summary_large_image\" \/>\n<meta name=\"twitter:label1\" content=\"Dur\u00e9e de lecture estim\u00e9e\" \/>\n\t<meta name=\"twitter:data1\" content=\"2 minutes\" \/>\n<script type=\"application\/ld+json\" class=\"yoast-schema-graph\">{\"@context\":\"https:\\\/\\\/schema.org\",\"@graph\":[{\"@type\":\"WebPage\",\"@id\":\"https:\\\/\\\/www.elsamec.it\\\/fr\\\/prb-series\",\"url\":\"https:\\\/\\\/www.elsamec.it\\\/fr\\\/prb-series\",\"name\":\"S\u00e9rie PRB - Elsamec\",\"isPartOf\":{\"@id\":\"https:\\\/\\\/www.elsamec.it\\\/fr#website\"},\"datePublished\":\"2022-03-24T18:22:21+00:00\",\"dateModified\":\"2024-08-08T13:34:09+00:00\",\"breadcrumb\":{\"@id\":\"https:\\\/\\\/www.elsamec.it\\\/fr\\\/prb-series#breadcrumb\"},\"inLanguage\":\"fr-FR\",\"potentialAction\":[{\"@type\":\"ReadAction\",\"target\":[\"https:\\\/\\\/www.elsamec.it\\\/fr\\\/prb-series\"]}]},{\"@type\":\"BreadcrumbList\",\"@id\":\"https:\\\/\\\/www.elsamec.it\\\/fr\\\/prb-series#breadcrumb\",\"itemListElement\":[{\"@type\":\"ListItem\",\"position\":1,\"name\":\"home\",\"item\":\"https:\\\/\\\/www.elsamec.it\\\/fr\"},{\"@type\":\"ListItem\",\"position\":2,\"name\":\"S\u00e9rie PRB\"}]},{\"@type\":\"WebSite\",\"@id\":\"https:\\\/\\\/www.elsamec.it\\\/fr#website\",\"url\":\"https:\\\/\\\/www.elsamec.it\\\/fr\",\"name\":\"Elsamec\",\"description\":\"gears for comfort\",\"publisher\":{\"@id\":\"https:\\\/\\\/www.elsamec.it\\\/fr#organization\"},\"potentialAction\":[{\"@type\":\"SearchAction\",\"target\":{\"@type\":\"EntryPoint\",\"urlTemplate\":\"https:\\\/\\\/www.elsamec.it\\\/fr?s={search_term_string}\"},\"query-input\":{\"@type\":\"PropertyValueSpecification\",\"valueRequired\":true,\"valueName\":\"search_term_string\"}}],\"inLanguage\":\"fr-FR\"},{\"@type\":\"Organization\",\"@id\":\"https:\\\/\\\/www.elsamec.it\\\/fr#organization\",\"name\":\"Elsamec s.r.l.\",\"url\":\"https:\\\/\\\/www.elsamec.it\\\/fr\",\"logo\":{\"@type\":\"ImageObject\",\"inLanguage\":\"fr-FR\",\"@id\":\"https:\\\/\\\/www.elsamec.it\\\/fr#\\\/schema\\\/logo\\\/image\\\/\",\"url\":\"http:\\/\\/www.elsamec.it\\/wp-content\\/uploads\\/2020\\/09\\/logo-nak3.png\",\"contentUrl\":\"http:\\/\\/www.elsamec.it\\/wp-content\\/uploads\\/2020\\/09\\/logo-nak3.png\",\"width\":422,\"height\":288,\"caption\":\"Elsamec s.r.l.\"},\"image\":{\"@id\":\"https:\\\/\\\/www.elsamec.it\\\/fr#\\\/schema\\\/logo\\\/image\\\/\"},\"sameAs\":[\"https:\\\/\\\/www.facebook.com\\\/ElsamecMotors\",\"https:\\\/\\\/www.instagram.com\\\/elsamec_srl\\\/\",\"https:\\\/\\\/www.linkedin.com\\\/company\\\/elsamecsrl\\\/\",\"https:\\\/\\\/www.youtube.com\\\/channel\\\/UCCbrY76KllziJJd13xrq6kg\"]}]}<\/script>\n<!-- \/ Yoast SEO plugin. -->","yoast_head_json":{"title":"S\u00e9rie PRB - Elsamec","robots":{"index":"index","follow":"follow","max-snippet":"max-snippet:-1","max-image-preview":"max-image-preview:large","max-video-preview":"max-video-preview:-1"},"canonical":"https:\/\/www.elsamec.it\/fr\/prb-series","og_locale":"fr_FR","og_type":"article","og_title":"S\u00e9rie PRB - Elsamec","og_description":"[vc_row type=\u00a0\u00bbfull_width_background\u00a0\u00bb full_screen_row_position=\u00a0\u00bbmiddle\u00a0\u00bb column_margin=\u00a0\u00bbdefault\u00a0\u00bb column_direction=\u00a0\u00bbdefault\u00a0\u00bb column_direction_tablet=\u00a0\u00bbdefault\u00a0\u00bb column_direction_phone=\u00a0\u00bbdefault\u00a0\u00bb scene_position=\u00a0\u00bbcenter\u00a0\u00bb top_padding=\u00a0\u00bb120&Prime; bottom_padding=\u00a0\u00bb220&Prime; top_padding_tablet=\u00a0\u00bb50&Prime; bottom_padding_tablet=\u00a0\u00bb150&Prime; text_color=\u00a0\u00bbdark\u00a0\u00bb text_align=\u00a0\u00bbleft\u00a0\u00bb row_border_radius=\u00a0\u00bbnone\u00a0\u00bb row_border_radius_applies=\u00a0\u00bbbg\u00a0\u00bb overflow=\u00a0\u00bbvisible\u00a0\u00bb id=\u00a0\u00bbmotori\u00a0\u00bb advanced_gradient_angle=\u00a0\u00bb0&Prime; overlay_strength=\u00a0\u00bb0.3&Prime; gradient_direction=\u00a0\u00bbleft_to_right\u00a0\u00bb enable_shape_divider=\u00a0\u00bbtrue\u00a0\u00bb shape_divider_color=\u00a0\u00bb#ffd644&Prime; shape_divider_position=\u00a0\u00bbboth\u00a0\u00bb shape_divider_height=\u00a0\u00bb120&Prime; shape_divider_bring_to_front=\u00a0\u00bbtrue\u00a0\u00bb bg_image_animation=\u00a0\u00bbnone\u00a0\u00bb shape_type=\u00a0\u00bbwaves\u00a0\u00bb gradient_type=\u00a0\u00bbdefault\u00a0\u00bb][vc_column column_padding=\u00a0\u00bbno-extra-padding\u00a0\u00bb...","og_url":"https:\/\/www.elsamec.it\/fr\/prb-series","og_site_name":"Elsamec","article_publisher":"https:\/\/www.facebook.com\/ElsamecMotors","article_modified_time":"2024-08-08T13:34:09+00:00","og_image":[{"width":1920,"height":1080,"url":"https:\/\/mltze27vqxba.i.optimole.com\/cb:FM84~ded9\/w:auto\/h:auto\/q:mauto\/g:sm\/f:best\/https:\/\/www.elsamec.it\/wp-content\/uploads\/2022\/04\/cover-50.png","type":"image\/png"}],"twitter_card":"summary_large_image","twitter_misc":{"Dur\u00e9e de lecture estim\u00e9e":"2 minutes"},"schema":{"@context":"https:\/\/schema.org","@graph":[{"@type":"WebPage","@id":"https:\/\/www.elsamec.it\/fr\/prb-series","url":"https:\/\/www.elsamec.it\/fr\/prb-series","name":"S\u00e9rie PRB - Elsamec","isPartOf":{"@id":"https:\/\/www.elsamec.it\/fr#website"},"datePublished":"2022-03-24T18:22:21+00:00","dateModified":"2024-08-08T13:34:09+00:00","breadcrumb":{"@id":"https:\/\/www.elsamec.it\/fr\/prb-series#breadcrumb"},"inLanguage":"fr-FR","potentialAction":[{"@type":"ReadAction","target":["https:\/\/www.elsamec.it\/fr\/prb-series"]}]},{"@type":"BreadcrumbList","@id":"https:\/\/www.elsamec.it\/fr\/prb-series#breadcrumb","itemListElement":[{"@type":"ListItem","position":1,"name":"home","item":"https:\/\/www.elsamec.it\/fr"},{"@type":"ListItem","position":2,"name":"S\u00e9rie PRB"}]},{"@type":"WebSite","@id":"https:\/\/www.elsamec.it\/fr#website","url":"https:\/\/www.elsamec.it\/fr","name":"Elsamec","description":"gears for comfort","publisher":{"@id":"https:\/\/www.elsamec.it\/fr#organization"},"potentialAction":[{"@type":"SearchAction","target":{"@type":"EntryPoint","urlTemplate":"https:\/\/www.elsamec.it\/fr?s={search_term_string}"},"query-input":{"@type":"PropertyValueSpecification","valueRequired":true,"valueName":"search_term_string"}}],"inLanguage":"fr-FR"},{"@type":"Organization","@id":"https:\/\/www.elsamec.it\/fr#organization","name":"Elsamec s.r.l.","url":"https:\/\/www.elsamec.it\/fr","logo":{"@type":"ImageObject","inLanguage":"fr-FR","@id":"https:\/\/www.elsamec.it\/fr#\/schema\/logo\/image\/","url":"https:\/\/mltze27vqxba.i.optimole.com\/cb:FM84~ded9\/w:auto\/h:auto\/q:mauto\/g:sm\/f:best\/http:\/\/www.elsamec.it\/wp-content\/uploads\/2020\/09\/logo-nak3.png","contentUrl":"https:\/\/mltze27vqxba.i.optimole.com\/cb:FM84~ded9\/w:auto\/h:auto\/q:mauto\/g:sm\/f:best\/http:\/\/www.elsamec.it\/wp-content\/uploads\/2020\/09\/logo-nak3.png","width":422,"height":288,"caption":"Elsamec s.r.l."},"image":{"@id":"https:\/\/www.elsamec.it\/fr#\/schema\/logo\/image\/"},"sameAs":["https:\/\/www.facebook.com\/ElsamecMotors","https:\/\/www.instagram.com\/elsamec_srl\/","https:\/\/www.linkedin.com\/company\/elsamecsrl\/","https:\/\/www.youtube.com\/channel\/UCCbrY76KllziJJd13xrq6kg"]}]}},"_links":{"self":[{"href":"https:\/\/www.elsamec.it\/fr\/wp-json\/wp\/v2\/pages\/11033","targetHints":{"allow":["GET"]}}],"collection":[{"href":"https:\/\/www.elsamec.it\/fr\/wp-json\/wp\/v2\/pages"}],"about":[{"href":"https:\/\/www.elsamec.it\/fr\/wp-json\/wp\/v2\/types\/page"}],"author":[{"embeddable":true,"href":"https:\/\/www.elsamec.it\/fr\/wp-json\/wp\/v2\/users\/1"}],"replies":[{"embeddable":true,"href":"https:\/\/www.elsamec.it\/fr\/wp-json\/wp\/v2\/comments?post=11033"}],"version-history":[{"count":5,"href":"https:\/\/www.elsamec.it\/fr\/wp-json\/wp\/v2\/pages\/11033\/revisions"}],"predecessor-version":[{"id":11081,"href":"https:\/\/www.elsamec.it\/fr\/wp-json\/wp\/v2\/pages\/11033\/revisions\/11081"}],"wp:attachment":[{"href":"https:\/\/www.elsamec.it\/fr\/wp-json\/wp\/v2\/media?parent=11033"}],"curies":[{"name":"wp","href":"https:\/\/api.w.org\/{rel}","templated":true}]}}