{"id":11191,"date":"2023-07-19T11:11:41","date_gmt":"2023-07-19T09:11:41","guid":{"rendered":"https:\/\/www.elsamec.it\/dichiarazione-sulla-privacy-ue"},"modified":"2024-08-08T18:31:01","modified_gmt":"2024-08-08T16:31:01","slug":"dichiarazione-sulla-privacy-ue","status":"publish","type":"page","link":"https:\/\/www.elsamec.it\/fr\/dichiarazione-sulla-privacy-ue","title":{"rendered":"D\u00e9claration de confidentialit\u00e9 (UE)"},"content":{"rendered":"\n<!-- Legal document generated by Complianz | GDPR\/CCPA Cookie Consent https:\/\/wordpress.org\/plugins\/complianz-gdpr -->\n<div id=\"cmplz-document\" class=\"cmplz-document privacy-statement cmplz-document-eu\"><p><i>This privacy statement was last updated on 8 ao\u00fbt 2024 and applies to citizens and legal permanent residents of the European Economic Area and Switzerland.<\/i><br \/><br \/><\/p><p><p>In this privacy statement, we explain what we do with the data we obtain about you via <a href=\"https:\/\/www.elsamec.it\/fr\">https:\/\/www.elsamec.it\/fr<\/a>. We recommend you carefully read this statement. In our processing we comply with the requirements of privacy legislation. That means, among other things, that:<\/p><ul>\n                <li>we clearly state the purposes for which we process personal data. We do this by means of this privacy statement;<\/li>\n                <li>we aim to limit our collection of personal data to only the personal data required for legitimate purposes;<\/li>\n                <li>we first request your explicit consent to process your personal data in cases requiring your consent;<\/li>\n                <li>we take appropriate security measures to protect your personal data and also require this from parties that process personal data on our behalf;<\/li>\n                <li>we respect your right to access your personal data or have it corrected or deleted, at your request.<\/li>\n            <\/ul><p>If you have any questions, or want to know exactly what data we keep of you, please contact us.<\/p><\/p><h2>1. Purpose, data and retention period<\/h2>We may collect or receive personal information for a number of purposes connected with our business operations which may include the following: (click to expand)<details class=\"cmplz-dropdown dropdown-privacy-statement\"><summary><div><h3>1.1 Contact - Through phone, mail, email and\/or webforms<\/h3><\/div><\/summary><p class=\"cmplz-subtitle\">For this purpose we use the following data:<\/p><p><ul><li>A first and last name<\/li><li>A home or other physical address, including street name and name of a city or town<\/li><li>An email address<\/li><li>Professional or employment-related information<\/li><\/ul><\/p><p class=\"cmplz-subtitle\">The basis on which we may process these data is:<\/p><p><a target=\"_blank\" rel=\"noopener noreferrer nofollow\" href=\"https:\/\/cookiedatabase.org\/legal-bases\/#consent\">Upon the provision of consent.<\/a><\/p><p class=\"cmplz-subtitle\">Retention period<\/p><p>We retain this data upon termination of the service for the following number of months: Il titolare pu\u00f2 conservare i dati personali sino a quando detto consenso non venga revocato.<\/p><\/details><details class=\"cmplz-dropdown dropdown-privacy-statement\"><summary><div><h3>1.2 Newsletters<\/h3><\/div><\/summary><p class=\"cmplz-subtitle\">For this purpose we use the following data:<\/p><p><ul><li>A first and last name<\/li><li>An email address<\/li><\/ul><\/p><p class=\"cmplz-subtitle\">The basis on which we may process these data is:<\/p><p><a target=\"_blank\" rel=\"noopener noreferrer nofollow\" href=\"https:\/\/cookiedatabase.org\/legal-bases\/#consent\">Upon the provision of consent.<\/a><\/p><p class=\"cmplz-subtitle\">Retention period<\/p><p>We retain this data upon termination of the service for the following number of months: Il titolare pu\u00f2 conservare i dati personali sino a quando detto consenso non venga revocato.<\/p><\/details><details class=\"cmplz-dropdown dropdown-privacy-statement\"><summary><div><h3>1.3 To be able to comply with legal obligations<\/h3><\/div><\/summary><p class=\"cmplz-subtitle\">For this purpose we use the following data:<\/p><p><ul><li>IP Address<\/li><li>Geolocation data<\/li><\/ul><\/p><p class=\"cmplz-subtitle\">The basis on which we may process these data is:<\/p><p><a target=\"_blank\" rel=\"noopener noreferrer nofollow\" href=\"https:\/\/cookiedatabase.org\/legal-bases\/#obligation\">For compliance with a legal or regulatory obligation.<\/a><\/p><p class=\"cmplz-subtitle\">Retention period<\/p><p>We determine the retention period according to fixed objective criteria: Il titolare pu\u00f2 conservare i dati personali sino a quando detto consenso non venga revocato. l titolare potrebbe essere obbligato a conservare i dati personali per un periodo pi\u00f9 lungo in ottemperanza ad un obbligo di legge.<\/p><\/details><details class=\"cmplz-dropdown dropdown-privacy-statement\"><summary><div><h3>1.4 Compiling and analyzing statistics for website improvement.<\/h3><\/div><\/summary><p class=\"cmplz-subtitle\">For this purpose we use the following data:<\/p><p><ul><li>IP Address<\/li><li>Internet activity information, including, but not limited to, browsing history, search history, and information regarding a consumer&#039;s interaction with an Internet Web site, application, or advertisement<\/li><li>Geolocation data<\/li><\/ul><\/p><p class=\"cmplz-subtitle\">The basis on which we may process these data is:<\/p><p><a target=\"_blank\" rel=\"noopener noreferrer nofollow\" href=\"https:\/\/cookiedatabase.org\/legal-bases\/#consent\">Upon the provision of consent.<\/a><\/p><p class=\"cmplz-subtitle\">Retention period<\/p><p>We retain this data upon termination of the service for the following number of months: Il titolare pu\u00f2 conservare i dati personali sino a quando detto consenso non venga revocato.<\/p><\/details><details class=\"cmplz-dropdown dropdown-privacy-statement\"><summary><div><h3>1.5 To be able to offer personalized products and services<\/h3><\/div><\/summary><p class=\"cmplz-subtitle\">For this purpose we use the following data:<\/p><p><ul><li>IP Address<\/li><li>Internet activity information, including, but not limited to, browsing history, search history, and information regarding a consumer&#039;s interaction with an Internet Web site, application, or advertisement<\/li><li>Geolocation data<\/li><\/ul><\/p><p class=\"cmplz-subtitle\">The basis on which we may process these data is:<\/p><p><a target=\"_blank\" rel=\"noopener noreferrer nofollow\" href=\"https:\/\/cookiedatabase.org\/legal-bases\/#consent\">Upon the provision of consent.<\/a><\/p><p class=\"cmplz-subtitle\">Retention period<\/p><p>We determine the retention period according to fixed objective criteria: Il titolare pu\u00f2 conservare i dati personali sino a quando detto consenso non venga revocato.<\/p><\/details><h2>2. Sharing with other parties<\/h2><p>We only share this data with processors and with other third parties for which consent must be obtained.<\/p><p class=\"cmplz-subtitle\">Processors<\/p><p><b>Name:<\/b>&nbsp;Google Ireland Limited<br \/>\n            <b>Country:<\/b>&nbsp;Irlanda<br \/>\n            <b>Purpose:<\/b>&nbsp;Analisi statistiche<br \/>\n            <b>Name:<\/b>&nbsp;The Rocket Science Group - Mailchimp<br \/>\n            <b>Country:<\/b>&nbsp;<br \/>\n            <b>Purpose:<\/b>&nbsp;Servizio di newsletter<br \/>\n            <\/p><h2>3. Cookies<\/h2><p>Our website uses cookies. For more information about cookies, please refer to our <a href=\"https:\/\/www.elsamec.it\/fr\/cookie-policy-ue\">Cookie Policy<\/a>.&nbsp;<\/p><h2>4. Disclosure practices<\/h2><p><p>We disclose personal information if we are required by law or by a court order, in response to a law enforcement agency, to the extent permitted under other provisions of law, to provide information, or for an investigation on a matter related to public safety.<\/p><p>If our website or organisation is taken over, sold, or involved in a merger or acquisition, your details may be disclosed to our advisers and any prospective purchasers and will be passed on to the new owners.<\/p><\/p><p>We have concluded a data Processing Agreement with Google.<\/p><p>Google may not use the data for any other Google services.<\/p><p>The inclusion of full IP addresses is blocked by us.<\/p><h2>5. Security<\/h2><p>We are committed to the security of personal data. We take appropriate security measures to limit abuse of and unauthorized access to personal data. This ensures that only the necessary persons have access to your data, that access to the data is protected, and that our security measures are regularly reviewed.<\/p><h2>6. Third-party websites<\/h2><p>This privacy statement does not apply to third-party websites connected by links on our website. We cannot guarantee that these third parties handle your personal data in a reliable or secure manner. We recommend you read the privacy statements of these websites prior to making use of these websites.<\/p><h2>7. Amendments to this privacy statement<\/h2><p>We reserve the right to make amendments to this privacy statement. It is recommended that you consult this privacy statement regularly in order to be aware of any changes. In addition, we will actively inform you wherever possible.<\/p><h2>8. Accessing and modifying your data<\/h2><p>If you have any questions or want to know which personal data we have about you, please contact us. You can contact us by using the information below. You have the following rights:<\/p><ul>\n                <li>You have the right to know why your personal data is needed, what will happen to it, and how long it will be retained for.<\/li>\n                <li>Right of access: You have the right to access your personal data that is known to us.<\/li>\n                <li>Right to rectification: you have the right to supplement, correct, have deleted or blocked your personal data whenever you wish.<\/li>\n                <li>If you give us your consent to process your data, you have the right to revoke that consent and to have your personal data deleted.<\/li>\n                <li>Right to transfer your data: you have the right to request all your personal data from the controller and transfer it in its entirety to another controller.<\/li>\n                <li>Right to object: you may object to the processing of your data. We comply with this, unless there are justified grounds for processing.<\/li>\n            <\/ul><p>Please make sure to always clearly state who you are, so that we can be certain that we do not modify or delete any data of the wrong person.<\/p><h2>9. Submitting a complaint<\/h2><p>If you are not satisfied with the way in which we handle (a complaint about) the processing of your personal data, you have the right to submit a complaint to the Data Protection Authority.<\/p><h2>10. Contact details<\/h2><p>Elsamec s.r.l.<br \/>\n        Via Pompeiana, 27263900 FERMO Marche \u2013 Italy<br \/>\n        Italy<br \/>\n        Website: <a href=\"https:\/\/www.elsamec.it\/fr\">https:\/\/www.elsamec.it\/fr<\/a> <br \/>\n        Email: <span class=\"cmplz-obfuscate\">inf&#111;@<span class=\"cmplz-fmail-domain\">&#101;x.&#099;&#111;&#109;<\/span>&#101;l&#115;&#097;&#109;&#101;&#099;&#046;&#105;t<\/span> <br \/>\n        <\/p><h2>11. Data Requests<\/h2><p>For the most frequently submitted requests, we also offer you the possibility to use our data request form<br \/>\t\t\t<div class=\"cmplz-datarequest cmplz-alert\">\n\t\t\t\t<span class=\"cmplz-close\">&times;<\/span>\n\t\t\t\t<span id=\"cmplz-message\"><\/span>\n\t\t\t<\/div>\n\t\t\t<form id=\"cmplz-datarequest-form\">\n\t\t\t\t<input type=\"hidden\" required value=\"eu\" name=\"cmplz_datarequest_region\" id=\"cmplz_datarequest_region\">\n\n\t\t\t\t<label for=\"cmplz_datarequest_firstname\" class=\"cmplz-first-name\">Nom\t\t\t\t\t<input type=\"search\" class=\"datarequest-firstname\" value=\"\" placeholder=\"your first name\" id=\"cmplz_datarequest_firstname\" name=\"cmplz_datarequest_firstname\">\n\t\t\t\t<\/label>\n\t\t\t\t<div>\n\t\t\t\t\t<label for=\"cmplz_datarequest_name\">Nom<\/label>\n\t\t\t\t\t<input type=\"text\" required value=\"\" placeholder=\"Your name\" id=\"cmplz_datarequest_name\" name=\"cmplz_datarequest_name\">\n\t\t\t\t<\/div>\n\t\t\t\t<div>\n\t\t\t\t\t<label for=\"cmplz_datarequest_email\">E-mail<\/label>\n\t\t\t\t\t<input type=\"email\" required value=\"\" placeholder=\"email@email.com\" id=\"cmplz_datarequest_email\" name=\"cmplz_datarequest_email\">\n\t\t\t\t<\/div>\n\t\t\t\t\t\t\t\t\t\t<div class=\"cmplz_datarequest cmplz_datarequest_request_for_access\">\n\t\t\t\t\t\t\t<label for=\"cmplz_datarequest_request_for_access\">\n\t\t\t\t\t\t\t\t<input type=\"checkbox\" value=\"1\" name=\"cmplz_datarequest_request_for_access\" id=\"cmplz_datarequest_request_for_access\" \/>\n\t\t\t\t\t\t\t\tSubmit a request for access to the data we process about you.\t\t\t\t\t\t\t<\/label>\n\t\t\t\t\t\t<\/div>\n\t\t\t\t\t\t\t\t\t\t<div class=\"cmplz_datarequest cmplz_datarequest_right_to_be_forgotten\">\n\t\t\t\t\t\t\t<label for=\"cmplz_datarequest_right_to_be_forgotten\">\n\t\t\t\t\t\t\t\t<input type=\"checkbox\" value=\"1\" name=\"cmplz_datarequest_right_to_be_forgotten\" id=\"cmplz_datarequest_right_to_be_forgotten\" \/>\n\t\t\t\t\t\t\t\tSubmit a request for deletion of the data if it is no longer relevant.\t\t\t\t\t\t\t<\/label>\n\t\t\t\t\t\t<\/div>\n\t\t\t\t\t\t\t\t\t\t<div class=\"cmplz_datarequest cmplz_datarequest_right_to_data_portability\">\n\t\t\t\t\t\t\t<label for=\"cmplz_datarequest_right_to_data_portability\">\n\t\t\t\t\t\t\t\t<input type=\"checkbox\" value=\"1\" name=\"cmplz_datarequest_right_to_data_portability\" id=\"cmplz_datarequest_right_to_data_portability\" \/>\n\t\t\t\t\t\t\t\tSubmit a request to receive an export file of the data we process about you.\t\t\t\t\t\t\t<\/label>\n\t\t\t\t\t\t<\/div>\n\t\t\t\t\t\t\t\t<input type=\"button\" id=\"cmplz-datarequest-submit\" value=\"Send\">\n\t\t\t<\/form>\n\n\t\t\t<style>\n\t\t\t\t\/* first-name is honeypot *\/\n\t\t\t\t.cmplz-first-name {\n\t\t\t\t\tposition: absolute !important;\n\t\t\t\t\tleft: -5000px !important;\n\t\t\t\t}\n\t\t\t<\/style>\n\t\t\t<\/p><h2>Annex<\/h2><p><h3>WPML<\/h3>\nWPML utilise des cookies pour identifier la langue du visiteur actuel, la langue de la derni\u00e8re visite et la langue des utilisateurs connect\u00e9s.\n\nLors de l'utilisation du plugin, WPML partagera des donn\u00e9es sur le site via le programme d'installation. Aucune donn\u00e9e personnelle de l'utilisateur ne sera partag\u00e9e.\n<h3>WPML Media Translation<\/h3>.\nWPML Media Translation enverra l'adresse e-mail et le nom de tous les gestionnaires de traduction et traducteurs assign\u00e9s ainsi que le contenu lui-m\u00eame \u00e0 l'\u00e9diteur de traduction avanc\u00e9 et aux services de traduction utilis\u00e9s.\n<h3>WPML Translation Management<\/h3>.\nLa gestion de la traduction WPML enverra l'adresse \u00e9lectronique et le nom de chaque gestionnaire de traduction et traducteur assign\u00e9 ainsi que le contenu lui-m\u00eame \u00e0 l'\u00e9diteur de traduction avanc\u00e9 et aux services de traduction utilis\u00e9s.\n<h3>Traduction des cha\u00eenes WPML<\/h3>.\nWPML String Translation enverra toutes les cha\u00eenes de caract\u00e8res \u00e0 l'\u00e9diteur de traduction avanc\u00e9 WPML et aux services de traduction utilis\u00e9s.\n<h3>Complianz | La suite de protection de la vie priv\u00e9e pour WordPress<\/h3>\nCe site web utilise la suite de protection de la vie priv\u00e9e pour WordPress de Complianz pour collecter les enregistrements de consentement. Pour cette fonctionnalit\u00e9, votre adresse IP est anonymis\u00e9e et stock\u00e9e dans notre base de donn\u00e9es. Pour plus d'informations, consultez la <a href=\"https:\/\/complianz.io\/privacy-statement\/\" target=\"_blank\" rel=\"noopener\">D\u00e9claration de confidentialit\u00e9 de Complianz<\/a>.<\/p><\/div>\n","protected":false},"excerpt":{"rendered":"This privacy statement was last updated on 8 ao\u00fbt 2024 and applies to citizens and legal permanent residents of the European Economic Area and Switzerland.In this privacy statement, we explain...","protected":false},"author":1,"featured_media":0,"parent":0,"menu_order":58,"comment_status":"closed","ping_status":"closed","template":"","meta":{"footnotes":""},"class_list":["post-11191","page","type-page","status-publish"],"yoast_head":"<!-- This site is optimized with the Yoast SEO plugin v27.4 - https:\/\/yoast.com\/product\/yoast-seo-wordpress\/ -->\n<title>D\u00e9claration de confidentialit\u00e9 (UE) - Elsamec<\/title>\n<meta name=\"robots\" content=\"index, follow, max-snippet:-1, max-image-preview:large, max-video-preview:-1\" \/>\n<link rel=\"canonical\" href=\"https:\/\/www.elsamec.it\/fr\/dichiarazione-sulla-privacy-ue\" \/>\n<meta property=\"og:locale\" content=\"fr_FR\" \/>\n<meta property=\"og:type\" content=\"article\" \/>\n<meta property=\"og:title\" content=\"D\u00e9claration de confidentialit\u00e9 (UE) - Elsamec\" \/>\n<meta property=\"og:url\" content=\"https:\/\/www.elsamec.it\/fr\/dichiarazione-sulla-privacy-ue\" \/>\n<meta property=\"og:site_name\" content=\"Elsamec\" \/>\n<meta property=\"article:publisher\" content=\"https:\/\/www.facebook.com\/ElsamecMotors\" \/>\n<meta property=\"article:modified_time\" content=\"2024-08-08T16:31:01+00:00\" \/>\n<meta property=\"og:image\" content=\"https:\/\/mltze27vqxba.i.optimole.com\/cb:FM84~ded9\/w:auto\/h:auto\/q:mauto\/g:sm\/f:best\/https:\/\/www.elsamec.it\/wp-content\/uploads\/2022\/04\/cover-50.png\" \/>\n\t<meta property=\"og:image:width\" content=\"1920\" \/>\n\t<meta property=\"og:image:height\" content=\"1080\" \/>\n\t<meta property=\"og:image:type\" content=\"image\/png\" \/>\n<meta name=\"twitter:card\" content=\"summary_large_image\" \/>\n<script type=\"application\/ld+json\" class=\"yoast-schema-graph\">{\"@context\":\"https:\\\/\\\/schema.org\",\"@graph\":[{\"@type\":\"WebPage\",\"@id\":\"https:\\\/\\\/www.elsamec.it\\\/fr\\\/dichiarazione-sulla-privacy-ue\",\"url\":\"https:\\\/\\\/www.elsamec.it\\\/fr\\\/dichiarazione-sulla-privacy-ue\",\"name\":\"D\u00e9claration de confidentialit\u00e9 (UE) - Elsamec\",\"isPartOf\":{\"@id\":\"https:\\\/\\\/www.elsamec.it\\\/fr#website\"},\"datePublished\":\"2023-07-19T09:11:41+00:00\",\"dateModified\":\"2024-08-08T16:31:01+00:00\",\"breadcrumb\":{\"@id\":\"https:\\\/\\\/www.elsamec.it\\\/fr\\\/dichiarazione-sulla-privacy-ue#breadcrumb\"},\"inLanguage\":\"fr-FR\",\"potentialAction\":[{\"@type\":\"ReadAction\",\"target\":[\"https:\\\/\\\/www.elsamec.it\\\/fr\\\/dichiarazione-sulla-privacy-ue\"]}]},{\"@type\":\"BreadcrumbList\",\"@id\":\"https:\\\/\\\/www.elsamec.it\\\/fr\\\/dichiarazione-sulla-privacy-ue#breadcrumb\",\"itemListElement\":[{\"@type\":\"ListItem\",\"position\":1,\"name\":\"home\",\"item\":\"https:\\\/\\\/www.elsamec.it\\\/fr\"},{\"@type\":\"ListItem\",\"position\":2,\"name\":\"D\u00e9claration de confidentialit\u00e9 (UE)\"}]},{\"@type\":\"WebSite\",\"@id\":\"https:\\\/\\\/www.elsamec.it\\\/fr#website\",\"url\":\"https:\\\/\\\/www.elsamec.it\\\/fr\",\"name\":\"Elsamec\",\"description\":\"gears for comfort\",\"publisher\":{\"@id\":\"https:\\\/\\\/www.elsamec.it\\\/fr#organization\"},\"potentialAction\":[{\"@type\":\"SearchAction\",\"target\":{\"@type\":\"EntryPoint\",\"urlTemplate\":\"https:\\\/\\\/www.elsamec.it\\\/fr?s={search_term_string}\"},\"query-input\":{\"@type\":\"PropertyValueSpecification\",\"valueRequired\":true,\"valueName\":\"search_term_string\"}}],\"inLanguage\":\"fr-FR\"},{\"@type\":\"Organization\",\"@id\":\"https:\\\/\\\/www.elsamec.it\\\/fr#organization\",\"name\":\"Elsamec s.r.l.\",\"url\":\"https:\\\/\\\/www.elsamec.it\\\/fr\",\"logo\":{\"@type\":\"ImageObject\",\"inLanguage\":\"fr-FR\",\"@id\":\"https:\\\/\\\/www.elsamec.it\\\/fr#\\\/schema\\\/logo\\\/image\\\/\",\"url\":\"http:\\/\\/www.elsamec.it\\/wp-content\\/uploads\\/2020\\/09\\/logo-nak3.png\",\"contentUrl\":\"http:\\/\\/www.elsamec.it\\/wp-content\\/uploads\\/2020\\/09\\/logo-nak3.png\",\"width\":422,\"height\":288,\"caption\":\"Elsamec s.r.l.\"},\"image\":{\"@id\":\"https:\\\/\\\/www.elsamec.it\\\/fr#\\\/schema\\\/logo\\\/image\\\/\"},\"sameAs\":[\"https:\\\/\\\/www.facebook.com\\\/ElsamecMotors\",\"https:\\\/\\\/www.instagram.com\\\/elsamec_srl\\\/\",\"https:\\\/\\\/www.linkedin.com\\\/company\\\/elsamecsrl\\\/\",\"https:\\\/\\\/www.youtube.com\\\/channel\\\/UCCbrY76KllziJJd13xrq6kg\"]}]}<\/script>\n<!-- \/ Yoast SEO plugin. -->","yoast_head_json":{"title":"D\u00e9claration de confidentialit\u00e9 (UE) - Elsamec","robots":{"index":"index","follow":"follow","max-snippet":"max-snippet:-1","max-image-preview":"max-image-preview:large","max-video-preview":"max-video-preview:-1"},"canonical":"https:\/\/www.elsamec.it\/fr\/dichiarazione-sulla-privacy-ue","og_locale":"fr_FR","og_type":"article","og_title":"D\u00e9claration de confidentialit\u00e9 (UE) - Elsamec","og_url":"https:\/\/www.elsamec.it\/fr\/dichiarazione-sulla-privacy-ue","og_site_name":"Elsamec","article_publisher":"https:\/\/www.facebook.com\/ElsamecMotors","article_modified_time":"2024-08-08T16:31:01+00:00","og_image":[{"width":1920,"height":1080,"url":"https:\/\/mltze27vqxba.i.optimole.com\/cb:FM84~ded9\/w:auto\/h:auto\/q:mauto\/g:sm\/f:best\/https:\/\/www.elsamec.it\/wp-content\/uploads\/2022\/04\/cover-50.png","type":"image\/png"}],"twitter_card":"summary_large_image","schema":{"@context":"https:\/\/schema.org","@graph":[{"@type":"WebPage","@id":"https:\/\/www.elsamec.it\/fr\/dichiarazione-sulla-privacy-ue","url":"https:\/\/www.elsamec.it\/fr\/dichiarazione-sulla-privacy-ue","name":"D\u00e9claration de confidentialit\u00e9 (UE) - Elsamec","isPartOf":{"@id":"https:\/\/www.elsamec.it\/fr#website"},"datePublished":"2023-07-19T09:11:41+00:00","dateModified":"2024-08-08T16:31:01+00:00","breadcrumb":{"@id":"https:\/\/www.elsamec.it\/fr\/dichiarazione-sulla-privacy-ue#breadcrumb"},"inLanguage":"fr-FR","potentialAction":[{"@type":"ReadAction","target":["https:\/\/www.elsamec.it\/fr\/dichiarazione-sulla-privacy-ue"]}]},{"@type":"BreadcrumbList","@id":"https:\/\/www.elsamec.it\/fr\/dichiarazione-sulla-privacy-ue#breadcrumb","itemListElement":[{"@type":"ListItem","position":1,"name":"home","item":"https:\/\/www.elsamec.it\/fr"},{"@type":"ListItem","position":2,"name":"D\u00e9claration de confidentialit\u00e9 (UE)"}]},{"@type":"WebSite","@id":"https:\/\/www.elsamec.it\/fr#website","url":"https:\/\/www.elsamec.it\/fr","name":"Elsamec","description":"gears for comfort","publisher":{"@id":"https:\/\/www.elsamec.it\/fr#organization"},"potentialAction":[{"@type":"SearchAction","target":{"@type":"EntryPoint","urlTemplate":"https:\/\/www.elsamec.it\/fr?s={search_term_string}"},"query-input":{"@type":"PropertyValueSpecification","valueRequired":true,"valueName":"search_term_string"}}],"inLanguage":"fr-FR"},{"@type":"Organization","@id":"https:\/\/www.elsamec.it\/fr#organization","name":"Elsamec s.r.l.","url":"https:\/\/www.elsamec.it\/fr","logo":{"@type":"ImageObject","inLanguage":"fr-FR","@id":"https:\/\/www.elsamec.it\/fr#\/schema\/logo\/image\/","url":"https:\/\/mltze27vqxba.i.optimole.com\/cb:FM84~ded9\/w:auto\/h:auto\/q:mauto\/g:sm\/f:best\/http:\/\/www.elsamec.it\/wp-content\/uploads\/2020\/09\/logo-nak3.png","contentUrl":"https:\/\/mltze27vqxba.i.optimole.com\/cb:FM84~ded9\/w:auto\/h:auto\/q:mauto\/g:sm\/f:best\/http:\/\/www.elsamec.it\/wp-content\/uploads\/2020\/09\/logo-nak3.png","width":422,"height":288,"caption":"Elsamec s.r.l."},"image":{"@id":"https:\/\/www.elsamec.it\/fr#\/schema\/logo\/image\/"},"sameAs":["https:\/\/www.facebook.com\/ElsamecMotors","https:\/\/www.instagram.com\/elsamec_srl\/","https:\/\/www.linkedin.com\/company\/elsamecsrl\/","https:\/\/www.youtube.com\/channel\/UCCbrY76KllziJJd13xrq6kg"]}]}},"_links":{"self":[{"href":"https:\/\/www.elsamec.it\/fr\/wp-json\/wp\/v2\/pages\/11191","targetHints":{"allow":["GET"]}}],"collection":[{"href":"https:\/\/www.elsamec.it\/fr\/wp-json\/wp\/v2\/pages"}],"about":[{"href":"https:\/\/www.elsamec.it\/fr\/wp-json\/wp\/v2\/types\/page"}],"author":[{"embeddable":true,"href":"https:\/\/www.elsamec.it\/fr\/wp-json\/wp\/v2\/users\/1"}],"replies":[{"embeddable":true,"href":"https:\/\/www.elsamec.it\/fr\/wp-json\/wp\/v2\/comments?post=11191"}],"version-history":[{"count":1,"href":"https:\/\/www.elsamec.it\/fr\/wp-json\/wp\/v2\/pages\/11191\/revisions"}],"predecessor-version":[{"id":11197,"href":"https:\/\/www.elsamec.it\/fr\/wp-json\/wp\/v2\/pages\/11191\/revisions\/11197"}],"wp:attachment":[{"href":"https:\/\/www.elsamec.it\/fr\/wp-json\/wp\/v2\/media?parent=11191"}],"curies":[{"name":"wp","href":"https:\/\/api.w.org\/{rel}","templated":true}]}}